{"id":1937,"date":"2020-10-14T09:26:40","date_gmt":"2020-10-14T09:26:40","guid":{"rendered":"http:\/\/casasiluro.com\/wordpress\/?page_id=1937"},"modified":"2020-10-14T10:16:37","modified_gmt":"2020-10-14T10:16:37","slug":"lizenz","status":"publish","type":"page","link":"http:\/\/casasiluro.com\/wordpress\/lizenz\/","title":{"rendered":"Lizenz"},"content":{"rendered":"\t\t<div data-elementor-type=\"wp-page\" data-elementor-id=\"1937\" class=\"elementor elementor-1937\" data-elementor-post-type=\"page\">\n\t\t\t\t\t\t<section class=\"elementor-section elementor-top-section elementor-element elementor-element-dccf6c7 elementor-section-boxed elementor-section-height-default elementor-section-height-default\" data-id=\"dccf6c7\" data-element_type=\"section\">\n\t\t\t\t\t\t<div class=\"elementor-container elementor-column-gap-default\">\n\t\t\t\t\t<div class=\"elementor-column elementor-col-100 elementor-top-column elementor-element elementor-element-03774ce\" data-id=\"03774ce\" data-element_type=\"column\">\n\t\t\t<div class=\"elementor-widget-wrap elementor-element-populated\">\n\t\t\t\t\t\t<div class=\"elementor-element elementor-element-541034d elementor-widget-divider--view-line elementor-widget elementor-widget-global elementor-global-1286 elementor-widget-divider\" data-id=\"541034d\" data-element_type=\"widget\" data-widget_type=\"divider.default\">\n\t\t\t\t<div class=\"elementor-widget-container\">\n\t\t\t\t\t<div class=\"elementor-divider\">\n\t\t\t<span class=\"elementor-divider-separator\">\n\t\t\t\t\t\t<\/span>\n\t\t<\/div>\n\t\t\t\t<\/div>\n\t\t\t\t<\/div>\n\t\t\t\t\t<\/div>\n\t\t<\/div>\n\t\t\t\t\t<\/div>\n\t\t<\/section>\n\t\t\t\t<section class=\"elementor-section elementor-top-section elementor-element elementor-element-e919326 elementor-section-boxed elementor-section-height-default elementor-section-height-default\" data-id=\"e919326\" data-element_type=\"section\">\n\t\t\t\t\t\t<div class=\"elementor-container elementor-column-gap-default\">\n\t\t\t\t\t<div class=\"elementor-column elementor-col-100 elementor-top-column elementor-element elementor-element-f796983\" data-id=\"f796983\" data-element_type=\"column\">\n\t\t\t<div class=\"elementor-widget-wrap elementor-element-populated\">\n\t\t\t\t\t\t<div class=\"elementor-element elementor-element-191392d elementor-widget elementor-widget-text-editor\" data-id=\"191392d\" data-element_type=\"widget\" data-widget_type=\"text-editor.default\">\n\t\t\t\t<div class=\"elementor-widget-container\">\n\t\t\t\t\t\t\t<p>Die Angellizenz in der Region Lombardei besteht aus 2 Teilen. Beide Teile sind 1 Jahr g\u00fcltig. Der eine Teil ist die Lizenz des Italienischen Angelsport Verbands (FIPSAS). Diese Lizenz bekommt ihr weiterhin bei uns im Camp ausgestellt.<\/p>\n<p>Der zweite Teil besteht aus der Fischereisteuer die bei der Region Lombardei zu entrichten ist.<\/p>\n<p><strong>Ab sofort<\/strong> muss die&nbsp;von&nbsp;ausl\u00e4ndischen Staatsb\u00fcrgern&nbsp;geschuldete&nbsp;Fischereisteuer&nbsp;per <strong>Bank\u00fcberweisung<\/strong> bezahlt werden.<\/p>\n<p><strong>Dies ist wie folgt 1 Woche vor Anreise auszuf\u00fchren:<\/strong><\/p>\n<pre><strong>Empf\u00e4nger:<\/strong> Regione Lombardia<br><strong>IBAN:<\/strong> IT95D0306909790100000300047<br><strong>BIC:<\/strong> BCITITMM (oder BCITITMMXXX)<br><strong>Betrag:<\/strong> 23,00\u20ac<br><strong>Verwendungszweck:<\/strong> Tassa per le licenze di pesca <br>[Vorname] [Nachnahme] [Geburtsdatum]<\/pre>\t\t\t\t\t\t<\/div>\n\t\t\t\t<\/div>\n\t\t\t\t<div class=\"elementor-element elementor-element-f0bfbea elementor-widget elementor-widget-text-editor\" data-id=\"f0bfbea\" data-element_type=\"widget\" data-widget_type=\"text-editor.default\">\n\t\t\t\t<div class=\"elementor-widget-container\">\n\t\t\t\t\t\t\t<p>Der Quittungsbeleg der \u00dcberweisung gilt als Ersatz der Lizenz und ist <strong>mitzuf\u00fchren!<\/strong><\/p><p>F\u00fcr jede Person muss eine \u00dcberweisung get\u00e4tigt werden.<\/p>\t\t\t\t\t\t<\/div>\n\t\t\t\t<\/div>\n\t\t\t\t\t<\/div>\n\t\t<\/div>\n\t\t\t\t\t<\/div>\n\t\t<\/section>\n\t\t\t\t<section class=\"elementor-section elementor-top-section elementor-element elementor-element-2509dfad elementor-section-boxed elementor-section-height-default elementor-section-height-default elementor-invisible\" data-id=\"2509dfad\" data-element_type=\"section\" data-settings=\"{&quot;animation&quot;:&quot;fadeIn&quot;}\">\n\t\t\t\t\t\t<div class=\"elementor-container elementor-column-gap-default\">\n\t\t\t\t\t<div class=\"elementor-column elementor-col-100 elementor-top-column elementor-element elementor-element-746698bc\" data-id=\"746698bc\" data-element_type=\"column\">\n\t\t\t<div class=\"elementor-widget-wrap elementor-element-populated\">\n\t\t\t\t\t\t<div class=\"elementor-element elementor-element-21018084 elementor-widget-divider--view-line elementor-widget elementor-widget-divider\" data-id=\"21018084\" data-element_type=\"widget\" data-widget_type=\"divider.default\">\n\t\t\t\t<div class=\"elementor-widget-container\">\n\t\t\t\t\t<div class=\"elementor-divider\">\n\t\t\t<span class=\"elementor-divider-separator\">\n\t\t\t\t\t\t<\/span>\n\t\t<\/div>\n\t\t\t\t<\/div>\n\t\t\t\t<\/div>\n\t\t\t\t<div class=\"elementor-element elementor-element-1f7a6f9c elementor-hidden-desktop elementor-hidden-tablet elementor-widget elementor-widget-heading\" data-id=\"1f7a6f9c\" data-element_type=\"widget\" data-settings=\"{&quot;_animation_mobile&quot;:&quot;fadeIn&quot;}\" data-widget_type=\"heading.default\">\n\t\t\t\t<div class=\"elementor-widget-container\">\n\t\t\t<h6 class=\"elementor-heading-title elementor-size-default\">Folge uns auch auf:<\/h6>\t\t<\/div>\n\t\t\t\t<\/div>\n\t\t\t\t<div class=\"elementor-element elementor-element-4bef6afa elementor-hidden-phone elementor-invisible elementor-widget elementor-widget-heading\" data-id=\"4bef6afa\" data-element_type=\"widget\" data-settings=\"{&quot;_animation&quot;:&quot;fadeIn&quot;,&quot;_animation_tablet&quot;:&quot;fadeIn&quot;,&quot;_animation_mobile&quot;:&quot;fadeIn&quot;}\" data-widget_type=\"heading.default\">\n\t\t\t\t<div class=\"elementor-widget-container\">\n\t\t\t<h6 class=\"elementor-heading-title elementor-size-default\">Folge uns auf unseren Sozial Media Kan\u00e4len:<\/h6>\t\t<\/div>\n\t\t\t\t<\/div>\n\t\t\t\t<div class=\"elementor-element elementor-element-7ae7847e elementor-shape-circle elementor-grid-0 e-grid-align-center elementor-invisible elementor-widget elementor-widget-global elementor-global-1247 elementor-widget-social-icons\" data-id=\"7ae7847e\" data-element_type=\"widget\" data-settings=\"{&quot;_animation&quot;:&quot;fadeIn&quot;}\" data-widget_type=\"social-icons.default\">\n\t\t\t\t<div class=\"elementor-widget-container\">\n\t\t\t\t\t<div class=\"elementor-social-icons-wrapper elementor-grid\">\n\t\t\t\t\t\t\t<span class=\"elementor-grid-item\">\n\t\t\t\t\t<a class=\"elementor-icon elementor-social-icon elementor-social-icon-facebook elementor-animation-shrink elementor-repeater-item-1e8cda0\" href=\"https:\/\/www.facebook.com\/CasaSiluro\/\" target=\"_blank\">\n\t\t\t\t\t\t<span class=\"elementor-screen-only\">Facebook<\/span>\n\t\t\t\t\t\t<i class=\"fab fa-facebook\"><\/i>\t\t\t\t\t<\/a>\n\t\t\t\t<\/span>\n\t\t\t\t\t\t\t<span class=\"elementor-grid-item\">\n\t\t\t\t\t<a class=\"elementor-icon elementor-social-icon elementor-social-icon-instagram elementor-animation-shrink elementor-repeater-item-2f7ada8\" href=\"https:\/\/www.instagram.com\/casasiluro_wallercamp\/\" target=\"_blank\">\n\t\t\t\t\t\t<span class=\"elementor-screen-only\">Instagram<\/span>\n\t\t\t\t\t\t<i class=\"fab fa-instagram\"><\/i>\t\t\t\t\t<\/a>\n\t\t\t\t<\/span>\n\t\t\t\t\t\t\t<span class=\"elementor-grid-item\">\n\t\t\t\t\t<a class=\"elementor-icon elementor-social-icon elementor-social-icon-youtube elementor-animation-shrink elementor-repeater-item-ed9817b\" href=\"https:\/\/www.youtube.com\/user\/CasaSiluroWallercamp\" target=\"_blank\">\n\t\t\t\t\t\t<span class=\"elementor-screen-only\">Youtube<\/span>\n\t\t\t\t\t\t<i class=\"fab fa-youtube\"><\/i>\t\t\t\t\t<\/a>\n\t\t\t\t<\/span>\n\t\t\t\t\t\t\t<span class=\"elementor-grid-item\">\n\t\t\t\t\t<a class=\"elementor-icon elementor-social-icon elementor-social-icon-envelope elementor-animation-shrink elementor-repeater-item-7d12846\" href=\"mailto:casasiluro65@gmail.com\" target=\"_blank\">\n\t\t\t\t\t\t<span class=\"elementor-screen-only\">Envelope<\/span>\n\t\t\t\t\t\t<i class=\"fas fa-envelope\"><\/i>\t\t\t\t\t<\/a>\n\t\t\t\t<\/span>\n\t\t\t\t\t<\/div>\n\t\t\t\t<\/div>\n\t\t\t\t<\/div>\n\t\t\t\t<div class=\"elementor-element elementor-element-5d2a3ba1 elementor-widget-divider--view-line elementor-widget elementor-widget-divider\" data-id=\"5d2a3ba1\" data-element_type=\"widget\" data-widget_type=\"divider.default\">\n\t\t\t\t<div class=\"elementor-widget-container\">\n\t\t\t\t\t<div class=\"elementor-divider\">\n\t\t\t<span class=\"elementor-divider-separator\">\n\t\t\t\t\t\t<\/span>\n\t\t<\/div>\n\t\t\t\t<\/div>\n\t\t\t\t<\/div>\n\t\t\t\t\t<\/div>\n\t\t<\/div>\n\t\t\t\t\t<\/div>\n\t\t<\/section>\n\t\t\t\t<\/div>\n\t\t","protected":false},"excerpt":{"rendered":"<p>Die Angellizenz in der Region Lombardei besteht aus 2 Teilen. Beide Teile sind 1 Jahr g\u00fcltig. Der eine Teil ist<\/p>\n","protected":false},"author":1,"featured_media":0,"parent":0,"menu_order":0,"comment_status":"closed","ping_status":"closed","template":"","meta":{"footnotes":""},"class_list":["post-1937","page","type-page","status-publish","hentry"],"yoast_head":"<!-- This site is optimized with the Yoast SEO plugin v25.6 - https:\/\/yoast.com\/wordpress\/plugins\/seo\/ -->\n<title>CasaSiluro - Lizenz<\/title>\n<meta name=\"description\" content=\"Durch ein neues Steuergesetz in Italien gibt es eine neue Bestimmung zur Entrichtung der Angel Lizenz Geb\u00fchr. So geht ihr vor -&gt;...\" \/>\n<meta name=\"robots\" content=\"index, follow, max-snippet:-1, max-image-preview:large, max-video-preview:-1\" \/>\n<link rel=\"canonical\" href=\"https:\/\/casasiluro.com\/wordpress\/lizenz\/\" \/>\n<meta property=\"og:locale\" content=\"de_DE\" \/>\n<meta property=\"og:type\" content=\"article\" \/>\n<meta property=\"og:title\" content=\"CasaSiluro - Lizenz\" \/>\n<meta property=\"og:description\" content=\"Durch ein neues Steuergesetz in Italien gibt es eine neue Bestimmung zur Entrichtung der Angel Lizenz Geb\u00fchr. So geht ihr vor -&gt;...\" \/>\n<meta property=\"og:url\" content=\"https:\/\/casasiluro.com\/wordpress\/lizenz\/\" \/>\n<meta property=\"og:site_name\" content=\"CasaSiluro\" \/>\n<meta property=\"article:publisher\" content=\"https:\/\/www.facebook.com\/CasaSiluro\/\" \/>\n<meta property=\"article:modified_time\" content=\"2020-10-14T10:16:37+00:00\" \/>\n<meta name=\"twitter:card\" content=\"summary_large_image\" \/>\n<meta name=\"twitter:label1\" content=\"Gesch\u00e4tzte Lesezeit\" \/>\n\t<meta name=\"twitter:data1\" content=\"1\u00a0Minute\" \/>\n<script type=\"application\/ld+json\" class=\"yoast-schema-graph\">{\"@context\":\"https:\/\/schema.org\",\"@graph\":[{\"@type\":\"WebPage\",\"@id\":\"https:\/\/casasiluro.com\/wordpress\/lizenz\/\",\"url\":\"https:\/\/casasiluro.com\/wordpress\/lizenz\/\",\"name\":\"CasaSiluro - Lizenz\",\"isPartOf\":{\"@id\":\"http:\/\/casasiluro.com\/wordpress\/#website\"},\"datePublished\":\"2020-10-14T09:26:40+00:00\",\"dateModified\":\"2020-10-14T10:16:37+00:00\",\"description\":\"Durch ein neues Steuergesetz in Italien gibt es eine neue Bestimmung zur Entrichtung der Angel Lizenz Geb\u00fchr. So geht ihr vor ->...\",\"breadcrumb\":{\"@id\":\"https:\/\/casasiluro.com\/wordpress\/lizenz\/#breadcrumb\"},\"inLanguage\":\"de\",\"potentialAction\":[{\"@type\":\"ReadAction\",\"target\":[\"https:\/\/casasiluro.com\/wordpress\/lizenz\/\"]}]},{\"@type\":\"BreadcrumbList\",\"@id\":\"https:\/\/casasiluro.com\/wordpress\/lizenz\/#breadcrumb\",\"itemListElement\":[{\"@type\":\"ListItem\",\"position\":1,\"name\":\"Startseite\",\"item\":\"http:\/\/casasiluro.com\/wordpress\/\"},{\"@type\":\"ListItem\",\"position\":2,\"name\":\"Lizenz\"}]},{\"@type\":\"WebSite\",\"@id\":\"http:\/\/casasiluro.com\/wordpress\/#website\",\"url\":\"http:\/\/casasiluro.com\/wordpress\/\",\"name\":\"CasaSiluro\",\"description\":\"Dein Wallercamp am Po - Welsfischen in Italien\",\"publisher\":{\"@id\":\"http:\/\/casasiluro.com\/wordpress\/#organization\"},\"potentialAction\":[{\"@type\":\"SearchAction\",\"target\":{\"@type\":\"EntryPoint\",\"urlTemplate\":\"http:\/\/casasiluro.com\/wordpress\/?s={search_term_string}\"},\"query-input\":{\"@type\":\"PropertyValueSpecification\",\"valueRequired\":true,\"valueName\":\"search_term_string\"}}],\"inLanguage\":\"de\"},{\"@type\":\"Organization\",\"@id\":\"http:\/\/casasiluro.com\/wordpress\/#organization\",\"name\":\"CasaSiluro\",\"url\":\"http:\/\/casasiluro.com\/wordpress\/\",\"logo\":{\"@type\":\"ImageObject\",\"inLanguage\":\"de\",\"@id\":\"http:\/\/casasiluro.com\/wordpress\/#\/schema\/logo\/image\/\",\"url\":\"http:\/\/casasiluro.com\/wordpress\/wp-content\/uploads\/2020\/03\/Casasiluro_2000_400-1.png\",\"contentUrl\":\"http:\/\/casasiluro.com\/wordpress\/wp-content\/uploads\/2020\/03\/Casasiluro_2000_400-1.png\",\"width\":2000,\"height\":400,\"caption\":\"CasaSiluro\"},\"image\":{\"@id\":\"http:\/\/casasiluro.com\/wordpress\/#\/schema\/logo\/image\/\"},\"sameAs\":[\"https:\/\/www.facebook.com\/CasaSiluro\/\",\"https:\/\/www.instagram.com\/casasiluro_wallercamp\/\",\"https:\/\/www.youtube.com\/user\/CasaSiluroWallercamp\"]}]}<\/script>\n<!-- \/ Yoast SEO plugin. -->","yoast_head_json":{"title":"CasaSiluro - Lizenz","description":"Durch ein neues Steuergesetz in Italien gibt es eine neue Bestimmung zur Entrichtung der Angel Lizenz Geb\u00fchr. So geht ihr vor ->...","robots":{"index":"index","follow":"follow","max-snippet":"max-snippet:-1","max-image-preview":"max-image-preview:large","max-video-preview":"max-video-preview:-1"},"canonical":"https:\/\/casasiluro.com\/wordpress\/lizenz\/","og_locale":"de_DE","og_type":"article","og_title":"CasaSiluro - Lizenz","og_description":"Durch ein neues Steuergesetz in Italien gibt es eine neue Bestimmung zur Entrichtung der Angel Lizenz Geb\u00fchr. So geht ihr vor ->...","og_url":"https:\/\/casasiluro.com\/wordpress\/lizenz\/","og_site_name":"CasaSiluro","article_publisher":"https:\/\/www.facebook.com\/CasaSiluro\/","article_modified_time":"2020-10-14T10:16:37+00:00","twitter_card":"summary_large_image","twitter_misc":{"Gesch\u00e4tzte Lesezeit":"1\u00a0Minute"},"schema":{"@context":"https:\/\/schema.org","@graph":[{"@type":"WebPage","@id":"https:\/\/casasiluro.com\/wordpress\/lizenz\/","url":"https:\/\/casasiluro.com\/wordpress\/lizenz\/","name":"CasaSiluro - Lizenz","isPartOf":{"@id":"http:\/\/casasiluro.com\/wordpress\/#website"},"datePublished":"2020-10-14T09:26:40+00:00","dateModified":"2020-10-14T10:16:37+00:00","description":"Durch ein neues Steuergesetz in Italien gibt es eine neue Bestimmung zur Entrichtung der Angel Lizenz Geb\u00fchr. So geht ihr vor ->...","breadcrumb":{"@id":"https:\/\/casasiluro.com\/wordpress\/lizenz\/#breadcrumb"},"inLanguage":"de","potentialAction":[{"@type":"ReadAction","target":["https:\/\/casasiluro.com\/wordpress\/lizenz\/"]}]},{"@type":"BreadcrumbList","@id":"https:\/\/casasiluro.com\/wordpress\/lizenz\/#breadcrumb","itemListElement":[{"@type":"ListItem","position":1,"name":"Startseite","item":"http:\/\/casasiluro.com\/wordpress\/"},{"@type":"ListItem","position":2,"name":"Lizenz"}]},{"@type":"WebSite","@id":"http:\/\/casasiluro.com\/wordpress\/#website","url":"http:\/\/casasiluro.com\/wordpress\/","name":"CasaSiluro","description":"Dein Wallercamp am Po - Welsfischen in Italien","publisher":{"@id":"http:\/\/casasiluro.com\/wordpress\/#organization"},"potentialAction":[{"@type":"SearchAction","target":{"@type":"EntryPoint","urlTemplate":"http:\/\/casasiluro.com\/wordpress\/?s={search_term_string}"},"query-input":{"@type":"PropertyValueSpecification","valueRequired":true,"valueName":"search_term_string"}}],"inLanguage":"de"},{"@type":"Organization","@id":"http:\/\/casasiluro.com\/wordpress\/#organization","name":"CasaSiluro","url":"http:\/\/casasiluro.com\/wordpress\/","logo":{"@type":"ImageObject","inLanguage":"de","@id":"http:\/\/casasiluro.com\/wordpress\/#\/schema\/logo\/image\/","url":"http:\/\/casasiluro.com\/wordpress\/wp-content\/uploads\/2020\/03\/Casasiluro_2000_400-1.png","contentUrl":"http:\/\/casasiluro.com\/wordpress\/wp-content\/uploads\/2020\/03\/Casasiluro_2000_400-1.png","width":2000,"height":400,"caption":"CasaSiluro"},"image":{"@id":"http:\/\/casasiluro.com\/wordpress\/#\/schema\/logo\/image\/"},"sameAs":["https:\/\/www.facebook.com\/CasaSiluro\/","https:\/\/www.instagram.com\/casasiluro_wallercamp\/","https:\/\/www.youtube.com\/user\/CasaSiluroWallercamp"]}]}},"_links":{"self":[{"href":"http:\/\/casasiluro.com\/wordpress\/wp-json\/wp\/v2\/pages\/1937"}],"collection":[{"href":"http:\/\/casasiluro.com\/wordpress\/wp-json\/wp\/v2\/pages"}],"about":[{"href":"http:\/\/casasiluro.com\/wordpress\/wp-json\/wp\/v2\/types\/page"}],"author":[{"embeddable":true,"href":"http:\/\/casasiluro.com\/wordpress\/wp-json\/wp\/v2\/users\/1"}],"replies":[{"embeddable":true,"href":"http:\/\/casasiluro.com\/wordpress\/wp-json\/wp\/v2\/comments?post=1937"}],"version-history":[{"count":7,"href":"http:\/\/casasiluro.com\/wordpress\/wp-json\/wp\/v2\/pages\/1937\/revisions"}],"predecessor-version":[{"id":1960,"href":"http:\/\/casasiluro.com\/wordpress\/wp-json\/wp\/v2\/pages\/1937\/revisions\/1960"}],"wp:attachment":[{"href":"http:\/\/casasiluro.com\/wordpress\/wp-json\/wp\/v2\/media?parent=1937"}],"curies":[{"name":"wp","href":"https:\/\/api.w.org\/{rel}","templated":true}]}}