{"id":2101,"date":"2024-02-09T12:01:13","date_gmt":"2024-02-09T12:01:13","guid":{"rendered":"http:\/\/casasiluro.com\/wordpress\/?page_id=2101"},"modified":"2024-02-09T12:06:08","modified_gmt":"2024-02-09T12:06:08","slug":"agb","status":"publish","type":"page","link":"https:\/\/casasiluro.com\/wordpress\/impressum\/agb\/","title":{"rendered":"AGB"},"content":{"rendered":"\t\t<div data-elementor-type=\"wp-page\" data-elementor-id=\"2101\" class=\"elementor elementor-2101\" data-elementor-post-type=\"page\">\n\t\t\t\t\t\t<section class=\"elementor-section elementor-top-section elementor-element elementor-element-3c2ff6d elementor-section-boxed elementor-section-height-default elementor-section-height-default\" data-id=\"3c2ff6d\" data-element_type=\"section\">\n\t\t\t\t\t\t<div class=\"elementor-container elementor-column-gap-default\">\n\t\t\t\t\t<div class=\"elementor-column elementor-col-100 elementor-top-column elementor-element elementor-element-736bef34\" data-id=\"736bef34\" data-element_type=\"column\">\n\t\t\t<div class=\"elementor-widget-wrap elementor-element-populated\">\n\t\t\t\t\t\t<div class=\"elementor-element elementor-element-7479c8e3 elementor-widget elementor-widget-text-editor\" data-id=\"7479c8e3\" data-element_type=\"widget\" data-widget_type=\"text-editor.default\">\n\t\t\t\t<div class=\"elementor-widget-container\">\n\t\t\t\t\t\t\t<h4>Allgemeine Gesch\u00e4ftsbedingungen<\/h4>\n<p>1. Buchung<\/p>\n<p>Mit Ihrer Anmeldung beauftragen Sie verbindlich das Casasiluro.com ( Harald Stadlhuber), mit der Organisation und Bereitstellung von Unterkunft und Motorboot am Flussystem des Po Mn in Italien<\/p>\n<p>2. Bezahlung<\/p>\n<p>Bei Vertragsabschluss ist eine Anzahlung in H\u00f6he von 50% des Gesamtreisepreises auf unser Konto zu leisten. Nach Eingang erhalten Sie die Reiseunterlagen. Die Restzahlung erfolgt bar bei Ankunft im Camp.<\/p>\n<p>3. Leistungsbeschreibung<\/p>\n<p>Der Umfang der vertraglichen Leistungen ergibt sich aus der Leistungsbeschreibung des Prospektes. Soweit nicht anders vereinbart besteht der von Ihnen gebuchte Termin aus 7 \u00dcbernachtungen und 6 Tage Fischen in unserem Camp, mit oder ohne F\u00fchrung, entsprechend dem von Ihnen gew\u00e4hlten Angebot mit einem von uns bereitgestellten, den Anforderungen gen\u00fcgenden Motorboot. An- u. Abreise wird von jedem Teilnehmer selbst auf eigene Kosten und eigene Gefahr durchgef\u00fchrt.<\/p>\n<p>4. R\u00fccktritt<\/p>\n<p>Sie k\u00f6nnen jederzeit vor Reiseantritt zur\u00fccktreten. Die R\u00fccktrittserkl\u00e4rung sollte in Ihrem Interesse in jedem Fall schriftlich erfolgen. Treten Sie vom Vertrag zur\u00fcck oder treten Sie die Reise nicht an, so k\u00f6nnen wir einen angemessenen Ersatz f\u00fcr die von uns getroffenen Reisevorbereitungen und unsere Aufwendungen verlangen. Bei R\u00fccktritt bis 61 Tage vor gebuchtem Ankunftstermin: 10% des Reisepreises Bei R\u00fccktritt ab 60 Tage vor gebuchtem Ankunftstermin: 50% des Reisepreises<\/p>\n<p>5. Haftung<\/p>\n<p>Der Veranstalter \u00fcbernimmt f\u00fcr h\u00f6here Gewalt und witterungsbedingte Einfl\u00fcsse ( Hochwasser, Sturm, Regen, Hagel, etc.) keine Haftung. F\u00fcr Personen &#8211; und Sachsch\u00e4den, sowie f\u00fcr etwaige Gesetzes\u00e4nderungen im Gastgeberland kann ebenfalls vom Veranstalter keine Haftung \u00fcbernommen werden.<\/p>\n<p>6. Haftungsbeschr\u00e4nkung<\/p>\n<p>Die reisevertragliche Haftung ist auf den einfachen Reisepreis beschr\u00e4nkt, soweit der Veranstalter weder vors\u00e4tzlich noch grob fahrl\u00e4ssig handelt.<\/p>\n<p>7. Haftungsbedingung<\/p>\n<p>Bei Sch\u00e4den durch unsachgem\u00e4sse bzw. fahrl\u00e4ssige Handhabung an dem von uns zur Verf\u00fcgung gestellten Ger\u00e4t (Boote, Aussenbordmotoren, Angelger\u00e4te, etc.) haften der oder die Benutzer der Ger\u00e4te in vollem Umfang. Es wird eine Kaution in H\u00f6he von EUR 500.- erhoben, bar bei Ankunft zu hinterlegen. Die R\u00fcckgabe der Ger\u00e4te an den Eigent\u00fcmer, Harald Stadlhuber , hat in einwandfreiem Zustand zu erfolgen.<\/p>\n<p>8. Mitwirkungspflicht<\/p>\n<p>Im Zuge der allgemeinen Sorgfaltspflicht ist den Weisungen des Betreibers Folge zu leisten.<\/p>\n<p>9. R\u00fccktritt durch den Veranstalter<\/p>\n<p>Er kann ohne Fristeinhaltung vor Ankunftstermin vom Vertrag zur\u00fccktreten oder w\u00e4hrend des gebuchten Termins ohne Fristeinhaltung den Vertrag k\u00fcndigen:<\/p>\n<p>a; wenn eine oder mehrere Personen die Durchf\u00fchrung der Angelreise trotz Abmahnung nachhaltig st\u00f6ren oder sich und andere gef\u00e4hrden.<\/p>\n<p>b; wenn die Durchf\u00fchrung der Angelreise infolge bei Vertragsabschluss nicht vorhersehbarer h\u00f6herer Gewalt erheblich gef\u00e4hrdet, erschwert oder stark beeintr\u00e4chtigt wird.<\/p>\n<p>K\u00fcndigt der Veranstalter nach (a) dann verf\u00e4llt der Reisepreis.<br \/>K\u00fcndigt der Veranstalter nach (b) vor Reisebeginn, so werden alle von Ihnen schon geleisteten Betr\u00e4ge f\u00fcr diese Angelreise zur\u00fcckerstattet, weitergehende Anspr\u00fcche sind ausgeschlossen.<br \/>K\u00fcndigt der Veranstalter nach (b ), nach Reisebeginn, so erhalten Sie vom Reisepreis den Teil zur\u00fcck, der den ersparten Aufwendungen des Veranstalters entspricht.<\/p>\n<p>10. Versicherungen<\/p>\n<p>Im Reisepreis sind keine Versicherungen enthalten.<\/p>\n<p>11. Gerichtsstand<\/p>\n<p>ist in Mantova \/ Italien<\/p>\t\t\t\t\t\t<\/div>\n\t\t\t\t<\/div>\n\t\t\t\t\t<\/div>\n\t\t<\/div>\n\t\t\t\t\t<\/div>\n\t\t<\/section>\n\t\t\t\t<\/div>\n\t\t","protected":false},"excerpt":{"rendered":"<p>Allgemeine Gesch\u00e4ftsbedingungen 1. Buchung Mit Ihrer Anmeldung beauftragen Sie verbindlich das Casasiluro.com ( Harald Stadlhuber), mit der Organisation und Bereitstellung<\/p>\n","protected":false},"author":2,"featured_media":0,"parent":52,"menu_order":6,"comment_status":"closed","ping_status":"closed","template":"","meta":{"footnotes":""},"class_list":["post-2101","page","type-page","status-publish","hentry"],"yoast_head":"<!-- This site is optimized with the Yoast SEO plugin v25.6 - https:\/\/yoast.com\/wordpress\/plugins\/seo\/ -->\n<title>AGB - CasaSiluro<\/title>\n<meta name=\"robots\" content=\"index, follow, max-snippet:-1, max-image-preview:large, max-video-preview:-1\" \/>\n<link rel=\"canonical\" href=\"http:\/\/casasiluro.com\/wordpress\/impressum\/agb\/\" \/>\n<meta property=\"og:locale\" content=\"de_DE\" \/>\n<meta property=\"og:type\" content=\"article\" \/>\n<meta property=\"og:title\" content=\"AGB - CasaSiluro\" \/>\n<meta property=\"og:description\" content=\"Allgemeine Gesch\u00e4ftsbedingungen 1. Buchung Mit Ihrer Anmeldung beauftragen Sie verbindlich das Casasiluro.com ( Harald Stadlhuber), mit der Organisation und Bereitstellung\" \/>\n<meta property=\"og:url\" content=\"http:\/\/casasiluro.com\/wordpress\/impressum\/agb\/\" \/>\n<meta property=\"og:site_name\" content=\"CasaSiluro\" \/>\n<meta property=\"article:publisher\" content=\"https:\/\/www.facebook.com\/CasaSiluro\/\" \/>\n<meta property=\"article:modified_time\" content=\"2024-02-09T12:06:08+00:00\" \/>\n<meta name=\"twitter:card\" content=\"summary_large_image\" \/>\n<meta name=\"twitter:label1\" content=\"Gesch\u00e4tzte Lesezeit\" \/>\n\t<meta name=\"twitter:data1\" content=\"3\u00a0Minuten\" \/>\n<script type=\"application\/ld+json\" class=\"yoast-schema-graph\">{\"@context\":\"https:\/\/schema.org\",\"@graph\":[{\"@type\":\"WebPage\",\"@id\":\"http:\/\/casasiluro.com\/wordpress\/impressum\/agb\/\",\"url\":\"http:\/\/casasiluro.com\/wordpress\/impressum\/agb\/\",\"name\":\"AGB - CasaSiluro\",\"isPartOf\":{\"@id\":\"http:\/\/casasiluro.com\/wordpress\/#website\"},\"datePublished\":\"2024-02-09T12:01:13+00:00\",\"dateModified\":\"2024-02-09T12:06:08+00:00\",\"breadcrumb\":{\"@id\":\"http:\/\/casasiluro.com\/wordpress\/impressum\/agb\/#breadcrumb\"},\"inLanguage\":\"de\",\"potentialAction\":[{\"@type\":\"ReadAction\",\"target\":[\"http:\/\/casasiluro.com\/wordpress\/impressum\/agb\/\"]}]},{\"@type\":\"BreadcrumbList\",\"@id\":\"http:\/\/casasiluro.com\/wordpress\/impressum\/agb\/#breadcrumb\",\"itemListElement\":[{\"@type\":\"ListItem\",\"position\":1,\"name\":\"Startseite\",\"item\":\"http:\/\/casasiluro.com\/wordpress\/\"},{\"@type\":\"ListItem\",\"position\":2,\"name\":\"Impressum\",\"item\":\"http:\/\/casasiluro.com\/wordpress\/impressum\/\"},{\"@type\":\"ListItem\",\"position\":3,\"name\":\"AGB\"}]},{\"@type\":\"WebSite\",\"@id\":\"http:\/\/casasiluro.com\/wordpress\/#website\",\"url\":\"http:\/\/casasiluro.com\/wordpress\/\",\"name\":\"CasaSiluro\",\"description\":\"Dein Wallercamp am Po - Welsfischen in Italien\",\"publisher\":{\"@id\":\"http:\/\/casasiluro.com\/wordpress\/#organization\"},\"potentialAction\":[{\"@type\":\"SearchAction\",\"target\":{\"@type\":\"EntryPoint\",\"urlTemplate\":\"http:\/\/casasiluro.com\/wordpress\/?s={search_term_string}\"},\"query-input\":{\"@type\":\"PropertyValueSpecification\",\"valueRequired\":true,\"valueName\":\"search_term_string\"}}],\"inLanguage\":\"de\"},{\"@type\":\"Organization\",\"@id\":\"http:\/\/casasiluro.com\/wordpress\/#organization\",\"name\":\"CasaSiluro\",\"url\":\"http:\/\/casasiluro.com\/wordpress\/\",\"logo\":{\"@type\":\"ImageObject\",\"inLanguage\":\"de\",\"@id\":\"http:\/\/casasiluro.com\/wordpress\/#\/schema\/logo\/image\/\",\"url\":\"https:\/\/casasiluro.com\/wordpress\/wp-content\/uploads\/2020\/03\/Casasiluro_2000_400-1.png\",\"contentUrl\":\"https:\/\/casasiluro.com\/wordpress\/wp-content\/uploads\/2020\/03\/Casasiluro_2000_400-1.png\",\"width\":2000,\"height\":400,\"caption\":\"CasaSiluro\"},\"image\":{\"@id\":\"http:\/\/casasiluro.com\/wordpress\/#\/schema\/logo\/image\/\"},\"sameAs\":[\"https:\/\/www.facebook.com\/CasaSiluro\/\",\"https:\/\/www.instagram.com\/casasiluro_wallercamp\/\",\"https:\/\/www.youtube.com\/user\/CasaSiluroWallercamp\"]}]}<\/script>\n<!-- \/ Yoast SEO plugin. -->","yoast_head_json":{"title":"AGB - CasaSiluro","robots":{"index":"index","follow":"follow","max-snippet":"max-snippet:-1","max-image-preview":"max-image-preview:large","max-video-preview":"max-video-preview:-1"},"canonical":"http:\/\/casasiluro.com\/wordpress\/impressum\/agb\/","og_locale":"de_DE","og_type":"article","og_title":"AGB - CasaSiluro","og_description":"Allgemeine Gesch\u00e4ftsbedingungen 1. Buchung Mit Ihrer Anmeldung beauftragen Sie verbindlich das Casasiluro.com ( Harald Stadlhuber), mit der Organisation und Bereitstellung","og_url":"http:\/\/casasiluro.com\/wordpress\/impressum\/agb\/","og_site_name":"CasaSiluro","article_publisher":"https:\/\/www.facebook.com\/CasaSiluro\/","article_modified_time":"2024-02-09T12:06:08+00:00","twitter_card":"summary_large_image","twitter_misc":{"Gesch\u00e4tzte Lesezeit":"3\u00a0Minuten"},"schema":{"@context":"https:\/\/schema.org","@graph":[{"@type":"WebPage","@id":"http:\/\/casasiluro.com\/wordpress\/impressum\/agb\/","url":"http:\/\/casasiluro.com\/wordpress\/impressum\/agb\/","name":"AGB - CasaSiluro","isPartOf":{"@id":"http:\/\/casasiluro.com\/wordpress\/#website"},"datePublished":"2024-02-09T12:01:13+00:00","dateModified":"2024-02-09T12:06:08+00:00","breadcrumb":{"@id":"http:\/\/casasiluro.com\/wordpress\/impressum\/agb\/#breadcrumb"},"inLanguage":"de","potentialAction":[{"@type":"ReadAction","target":["http:\/\/casasiluro.com\/wordpress\/impressum\/agb\/"]}]},{"@type":"BreadcrumbList","@id":"http:\/\/casasiluro.com\/wordpress\/impressum\/agb\/#breadcrumb","itemListElement":[{"@type":"ListItem","position":1,"name":"Startseite","item":"http:\/\/casasiluro.com\/wordpress\/"},{"@type":"ListItem","position":2,"name":"Impressum","item":"http:\/\/casasiluro.com\/wordpress\/impressum\/"},{"@type":"ListItem","position":3,"name":"AGB"}]},{"@type":"WebSite","@id":"http:\/\/casasiluro.com\/wordpress\/#website","url":"http:\/\/casasiluro.com\/wordpress\/","name":"CasaSiluro","description":"Dein Wallercamp am Po - Welsfischen in Italien","publisher":{"@id":"http:\/\/casasiluro.com\/wordpress\/#organization"},"potentialAction":[{"@type":"SearchAction","target":{"@type":"EntryPoint","urlTemplate":"http:\/\/casasiluro.com\/wordpress\/?s={search_term_string}"},"query-input":{"@type":"PropertyValueSpecification","valueRequired":true,"valueName":"search_term_string"}}],"inLanguage":"de"},{"@type":"Organization","@id":"http:\/\/casasiluro.com\/wordpress\/#organization","name":"CasaSiluro","url":"http:\/\/casasiluro.com\/wordpress\/","logo":{"@type":"ImageObject","inLanguage":"de","@id":"http:\/\/casasiluro.com\/wordpress\/#\/schema\/logo\/image\/","url":"https:\/\/casasiluro.com\/wordpress\/wp-content\/uploads\/2020\/03\/Casasiluro_2000_400-1.png","contentUrl":"https:\/\/casasiluro.com\/wordpress\/wp-content\/uploads\/2020\/03\/Casasiluro_2000_400-1.png","width":2000,"height":400,"caption":"CasaSiluro"},"image":{"@id":"http:\/\/casasiluro.com\/wordpress\/#\/schema\/logo\/image\/"},"sameAs":["https:\/\/www.facebook.com\/CasaSiluro\/","https:\/\/www.instagram.com\/casasiluro_wallercamp\/","https:\/\/www.youtube.com\/user\/CasaSiluroWallercamp"]}]}},"_links":{"self":[{"href":"https:\/\/casasiluro.com\/wordpress\/wp-json\/wp\/v2\/pages\/2101"}],"collection":[{"href":"https:\/\/casasiluro.com\/wordpress\/wp-json\/wp\/v2\/pages"}],"about":[{"href":"https:\/\/casasiluro.com\/wordpress\/wp-json\/wp\/v2\/types\/page"}],"author":[{"embeddable":true,"href":"https:\/\/casasiluro.com\/wordpress\/wp-json\/wp\/v2\/users\/2"}],"replies":[{"embeddable":true,"href":"https:\/\/casasiluro.com\/wordpress\/wp-json\/wp\/v2\/comments?post=2101"}],"version-history":[{"count":1,"href":"https:\/\/casasiluro.com\/wordpress\/wp-json\/wp\/v2\/pages\/2101\/revisions"}],"predecessor-version":[{"id":2102,"href":"https:\/\/casasiluro.com\/wordpress\/wp-json\/wp\/v2\/pages\/2101\/revisions\/2102"}],"up":[{"embeddable":true,"href":"https:\/\/casasiluro.com\/wordpress\/wp-json\/wp\/v2\/pages\/52"}],"wp:attachment":[{"href":"https:\/\/casasiluro.com\/wordpress\/wp-json\/wp\/v2\/media?parent=2101"}],"curies":[{"name":"wp","href":"https:\/\/api.w.org\/{rel}","templated":true}]}}