{"id":244,"date":"2020-03-10T11:06:20","date_gmt":"2020-03-10T11:06:20","guid":{"rendered":"http:\/\/casasiluro.com\/wordpress\/wordpress\/anfahrt-2\/"},"modified":"2020-04-03T13:59:16","modified_gmt":"2020-04-03T13:59:16","slug":"anreise","status":"publish","type":"page","link":"https:\/\/casasiluro.com\/wordpress\/service\/anreise\/","title":{"rendered":"Anreise"},"content":{"rendered":"\t\t<div data-elementor-type=\"wp-page\" data-elementor-id=\"244\" class=\"elementor elementor-244\" data-elementor-post-type=\"page\">\n\t\t\t\t\t\t<section class=\"elementor-section elementor-top-section elementor-element elementor-element-6fa451c6 animated-slow elementor-section-boxed elementor-section-height-default elementor-section-height-default elementor-invisible\" data-id=\"6fa451c6\" data-element_type=\"section\" data-settings=\"{&quot;animation&quot;:&quot;fadeIn&quot;,&quot;animation_tablet&quot;:&quot;fadeIn&quot;,&quot;animation_mobile&quot;:&quot;fadeIn&quot;}\">\n\t\t\t\t\t\t<div class=\"elementor-container elementor-column-gap-default\">\n\t\t\t\t\t<div class=\"elementor-column elementor-col-100 elementor-top-column elementor-element elementor-element-49c3079a\" data-id=\"49c3079a\" data-element_type=\"column\">\n\t\t\t<div class=\"elementor-widget-wrap elementor-element-populated\">\n\t\t\t\t\t\t<div class=\"elementor-element elementor-element-f1f1d5c animated-slow elementor-widget-mobile__width-inherit elementor-invisible elementor-widget elementor-widget-heading\" data-id=\"f1f1d5c\" data-element_type=\"widget\" data-settings=\"{&quot;_animation&quot;:&quot;fadeIn&quot;}\" data-widget_type=\"heading.default\">\n\t\t\t\t<div class=\"elementor-widget-container\">\n\t\t\t<h2 class=\"elementor-heading-title elementor-size-default\">Anreise<\/h2>\t\t<\/div>\n\t\t\t\t<\/div>\n\t\t\t\t<div class=\"elementor-element elementor-element-063ae29 elementor-widget-divider--view-line elementor-widget elementor-widget-divider\" data-id=\"063ae29\" data-element_type=\"widget\" data-widget_type=\"divider.default\">\n\t\t\t\t<div class=\"elementor-widget-container\">\n\t\t\t\t\t<div class=\"elementor-divider\">\n\t\t\t<span class=\"elementor-divider-separator\">\n\t\t\t\t\t\t<\/span>\n\t\t<\/div>\n\t\t\t\t<\/div>\n\t\t\t\t<\/div>\n\t\t\t\t<div class=\"elementor-element elementor-element-5d239be elementor-widget elementor-widget-text-editor\" data-id=\"5d239be\" data-element_type=\"widget\" data-widget_type=\"text-editor.default\">\n\t\t\t\t<div class=\"elementor-widget-container\">\n\t\t\t\t\t\t\t<h6>Wir bitten folgende Zeiten f\u00fcr Ihre An- und Abreise zu ber\u00fccksichtigen:<\/h6><div><strong>Anreise: <\/strong><\/div><div>Check-IN 12:30 Uhr<\/div><div><strong>Abreise:<\/strong><\/div><div>R\u00fcckgabe Boot: 09:00 Uhr<\/div><div>Check-OUT\u00a010:30 Uhr<\/div>\t\t\t\t\t\t<\/div>\n\t\t\t\t<\/div>\n\t\t\t\t<div class=\"elementor-element elementor-element-77d99e5 elementor-widget-divider--view-line elementor-widget elementor-widget-divider\" data-id=\"77d99e5\" data-element_type=\"widget\" data-widget_type=\"divider.default\">\n\t\t\t\t<div class=\"elementor-widget-container\">\n\t\t\t\t\t<div class=\"elementor-divider\">\n\t\t\t<span class=\"elementor-divider-separator\">\n\t\t\t\t\t\t<\/span>\n\t\t<\/div>\n\t\t\t\t<\/div>\n\t\t\t\t<\/div>\n\t\t\t\t<div class=\"elementor-element elementor-element-dfb1d7d animated-slow elementor-widget-mobile__width-inherit elementor-invisible elementor-widget elementor-widget-heading\" data-id=\"dfb1d7d\" data-element_type=\"widget\" data-settings=\"{&quot;_animation&quot;:&quot;fadeIn&quot;}\" data-widget_type=\"heading.default\">\n\t\t\t\t<div class=\"elementor-widget-container\">\n\t\t\t<p class=\"elementor-heading-title elementor-size-small\">Anfahrt<\/p>\t\t<\/div>\n\t\t\t\t<\/div>\n\t\t\t\t<section class=\"elementor-section elementor-inner-section elementor-element elementor-element-01b0ac8 elementor-section-boxed elementor-section-height-default elementor-section-height-default\" data-id=\"01b0ac8\" data-element_type=\"section\">\n\t\t\t\t\t\t<div class=\"elementor-container elementor-column-gap-default\">\n\t\t\t\t\t<div class=\"elementor-column elementor-col-50 elementor-inner-column elementor-element elementor-element-b3b9084\" data-id=\"b3b9084\" data-element_type=\"column\">\n\t\t\t<div class=\"elementor-widget-wrap elementor-element-populated\">\n\t\t\t\t\t\t<div class=\"elementor-element elementor-element-9d4f675 elementor-widget elementor-widget-image\" data-id=\"9d4f675\" data-element_type=\"widget\" data-widget_type=\"image.default\">\n\t\t\t\t<div class=\"elementor-widget-container\">\n\t\t\t\t\t\t\t\t\t\t\t\t\t<img fetchpriority=\"high\" decoding=\"async\" width=\"980\" height=\"735\" src=\"https:\/\/casasiluro.com\/wordpress\/wp-content\/uploads\/2020\/03\/anfahrt.png\" class=\"elementor-animation-grow attachment-full size-full wp-image-1345\" alt=\"\" srcset=\"https:\/\/casasiluro.com\/wordpress\/wp-content\/uploads\/2020\/03\/anfahrt.png 980w, https:\/\/casasiluro.com\/wordpress\/wp-content\/uploads\/2020\/03\/anfahrt-300x225.png 300w, https:\/\/casasiluro.com\/wordpress\/wp-content\/uploads\/2020\/03\/anfahrt-768x576.png 768w\" sizes=\"(max-width: 980px) 100vw, 980px\" \/>\t\t\t\t\t\t\t\t\t\t\t\t\t<\/div>\n\t\t\t\t<\/div>\n\t\t\t\t\t<\/div>\n\t\t<\/div>\n\t\t\t\t<div class=\"elementor-column elementor-col-50 elementor-inner-column elementor-element elementor-element-5bba39d\" data-id=\"5bba39d\" data-element_type=\"column\">\n\t\t\t<div class=\"elementor-widget-wrap elementor-element-populated\">\n\t\t\t\t\t\t<div class=\"elementor-element elementor-element-57409cd elementor-widget elementor-widget-text-editor\" data-id=\"57409cd\" data-element_type=\"widget\" data-widget_type=\"text-editor.default\">\n\t\t\t\t<div class=\"elementor-widget-container\">\n\t\t\t\t\t\t\t<ul><li><strong><span style=\"font-size: 14px;\"><span style=\"font-family: Arial;\">Auf der Brennerautobahn A22 Richtung S\u00fcden <\/span><\/span><\/strong><\/li><li><strong><span style=\"font-size: 14px;\"><span style=\"font-family: Arial;\">Ausfahrt Mantova S\u00dcD <\/span><\/span><\/strong><\/li><li><strong><span style=\"font-size: 14px;\"><span style=\"font-family: Arial;\">Weiter Richtung San Benedetto auf der SS413 <\/span><\/span><\/strong><\/li><li><strong><span style=\"font-size: 14px;\"><span style=\"font-family: Arial;\">Nach der Po-Br\u00fccke an der ersten Ampel rechts abbiegen nach Gorgo <\/span><\/span><\/strong><\/li><li><strong><span style=\"font-size: 14px;\"><span style=\"font-family: Arial;\">Gerade\u00a0durch Gorgo bis\u00a0zum Damm, dann <\/span><\/span><span style=\"font-size: 14px;\"><span style=\"font-family: Arial;\">RECHTS halten <\/span><\/span><\/strong><\/li><li><strong><span style=\"font-size: 14px;\"><span style=\"font-family: Arial;\">S<\/span><\/span><span style=\"font-size: 14px;\"><span style=\"font-family: Arial;\">ie erreichen das CasaSiluro Camp nach ca. 1,5km auf der linken Seite <\/span><\/span><\/strong><\/li><\/ul>\t\t\t\t\t\t<\/div>\n\t\t\t\t<\/div>\n\t\t\t\t\t<\/div>\n\t\t<\/div>\n\t\t\t\t\t<\/div>\n\t\t<\/section>\n\t\t\t\t<div class=\"elementor-element elementor-element-0e31fa5 animated-slow elementor-widget__width-inherit elementor-invisible elementor-widget elementor-widget-global elementor-global-1350 elementor-widget-text-editor\" data-id=\"0e31fa5\" data-element_type=\"widget\" data-settings=\"{&quot;_animation&quot;:&quot;fadeIn&quot;,&quot;_animation_tablet&quot;:&quot;fadeIn&quot;,&quot;_animation_mobile&quot;:&quot;fadeIn&quot;}\" data-widget_type=\"text-editor.default\">\n\t\t\t\t<div class=\"elementor-widget-container\">\n\t\t\t\t\t\t\t<p style=\"text-align: center;\"><span style=\"font-size: 1.1875rem; font-weight: 400;\">CHECK-IN:<\/span><\/p>\n<pre style=\"text-align: center;\">CASASILURO<br \/>Via Argine Nord 49a<br \/>46027 <br \/>San Benedetto Po<br \/><a href=\"http:\/\/casasiluro.com\/anfahrt\/\">Anfahrt\/Check-In<\/a><\/pre>\t\t\t\t\t\t<\/div>\n\t\t\t\t<\/div>\n\t\t\t\t\t<\/div>\n\t\t<\/div>\n\t\t\t\t\t<\/div>\n\t\t<\/section>\n\t\t\t\t<section class=\"elementor-section elementor-top-section elementor-element elementor-element-595ab2ae elementor-section-boxed elementor-section-height-default elementor-section-height-default elementor-invisible\" data-id=\"595ab2ae\" data-element_type=\"section\" data-settings=\"{&quot;animation&quot;:&quot;fadeIn&quot;}\">\n\t\t\t\t\t\t<div class=\"elementor-container elementor-column-gap-default\">\n\t\t\t\t\t<div class=\"elementor-column elementor-col-100 elementor-top-column elementor-element elementor-element-660e8100\" data-id=\"660e8100\" data-element_type=\"column\">\n\t\t\t<div class=\"elementor-widget-wrap elementor-element-populated\">\n\t\t\t\t\t\t<div class=\"elementor-element elementor-element-39ff70aa elementor-widget-divider--view-line elementor-widget elementor-widget-divider\" data-id=\"39ff70aa\" data-element_type=\"widget\" data-widget_type=\"divider.default\">\n\t\t\t\t<div class=\"elementor-widget-container\">\n\t\t\t\t\t<div class=\"elementor-divider\">\n\t\t\t<span class=\"elementor-divider-separator\">\n\t\t\t\t\t\t<\/span>\n\t\t<\/div>\n\t\t\t\t<\/div>\n\t\t\t\t<\/div>\n\t\t\t\t<div class=\"elementor-element elementor-element-5d34d999 elementor-hidden-desktop elementor-hidden-tablet elementor-widget elementor-widget-heading\" data-id=\"5d34d999\" data-element_type=\"widget\" data-settings=\"{&quot;_animation_mobile&quot;:&quot;fadeIn&quot;}\" data-widget_type=\"heading.default\">\n\t\t\t\t<div class=\"elementor-widget-container\">\n\t\t\t<h6 class=\"elementor-heading-title elementor-size-default\">Folge uns auch auf:<\/h6>\t\t<\/div>\n\t\t\t\t<\/div>\n\t\t\t\t<div class=\"elementor-element elementor-element-6d6d96ce elementor-hidden-phone elementor-invisible elementor-widget elementor-widget-heading\" data-id=\"6d6d96ce\" data-element_type=\"widget\" data-settings=\"{&quot;_animation&quot;:&quot;fadeIn&quot;,&quot;_animation_tablet&quot;:&quot;fadeIn&quot;,&quot;_animation_mobile&quot;:&quot;fadeIn&quot;}\" data-widget_type=\"heading.default\">\n\t\t\t\t<div class=\"elementor-widget-container\">\n\t\t\t<h6 class=\"elementor-heading-title elementor-size-default\">Folge uns auf unseren Social Media Kan\u00e4len:<\/h6>\t\t<\/div>\n\t\t\t\t<\/div>\n\t\t\t\t<div class=\"elementor-element elementor-element-55aa10d1 elementor-shape-circle elementor-grid-0 e-grid-align-center elementor-invisible elementor-widget elementor-widget-global elementor-global-1247 elementor-widget-social-icons\" data-id=\"55aa10d1\" data-element_type=\"widget\" data-settings=\"{&quot;_animation&quot;:&quot;fadeIn&quot;}\" data-widget_type=\"social-icons.default\">\n\t\t\t\t<div class=\"elementor-widget-container\">\n\t\t\t\t\t<div class=\"elementor-social-icons-wrapper elementor-grid\">\n\t\t\t\t\t\t\t<span class=\"elementor-grid-item\">\n\t\t\t\t\t<a class=\"elementor-icon elementor-social-icon elementor-social-icon-facebook elementor-animation-shrink elementor-repeater-item-1e8cda0\" href=\"https:\/\/www.facebook.com\/CasaSiluro\/\" target=\"_blank\">\n\t\t\t\t\t\t<span class=\"elementor-screen-only\">Facebook<\/span>\n\t\t\t\t\t\t<i class=\"fab fa-facebook\"><\/i>\t\t\t\t\t<\/a>\n\t\t\t\t<\/span>\n\t\t\t\t\t\t\t<span class=\"elementor-grid-item\">\n\t\t\t\t\t<a class=\"elementor-icon elementor-social-icon elementor-social-icon-instagram elementor-animation-shrink elementor-repeater-item-2f7ada8\" href=\"https:\/\/www.instagram.com\/casasiluro_wallercamp\/\" target=\"_blank\">\n\t\t\t\t\t\t<span class=\"elementor-screen-only\">Instagram<\/span>\n\t\t\t\t\t\t<i class=\"fab fa-instagram\"><\/i>\t\t\t\t\t<\/a>\n\t\t\t\t<\/span>\n\t\t\t\t\t\t\t<span class=\"elementor-grid-item\">\n\t\t\t\t\t<a class=\"elementor-icon elementor-social-icon elementor-social-icon-youtube elementor-animation-shrink elementor-repeater-item-ed9817b\" href=\"https:\/\/www.youtube.com\/user\/CasaSiluroWallercamp\" target=\"_blank\">\n\t\t\t\t\t\t<span class=\"elementor-screen-only\">Youtube<\/span>\n\t\t\t\t\t\t<i class=\"fab fa-youtube\"><\/i>\t\t\t\t\t<\/a>\n\t\t\t\t<\/span>\n\t\t\t\t\t\t\t<span class=\"elementor-grid-item\">\n\t\t\t\t\t<a class=\"elementor-icon elementor-social-icon elementor-social-icon-envelope elementor-animation-shrink elementor-repeater-item-7d12846\" href=\"mailto:casasiluro65@gmail.com\" target=\"_blank\">\n\t\t\t\t\t\t<span class=\"elementor-screen-only\">Envelope<\/span>\n\t\t\t\t\t\t<i class=\"fas fa-envelope\"><\/i>\t\t\t\t\t<\/a>\n\t\t\t\t<\/span>\n\t\t\t\t\t<\/div>\n\t\t\t\t<\/div>\n\t\t\t\t<\/div>\n\t\t\t\t<div class=\"elementor-element elementor-element-36d2b323 elementor-widget-divider--view-line elementor-widget elementor-widget-divider\" data-id=\"36d2b323\" data-element_type=\"widget\" data-widget_type=\"divider.default\">\n\t\t\t\t<div class=\"elementor-widget-container\">\n\t\t\t\t\t<div class=\"elementor-divider\">\n\t\t\t<span class=\"elementor-divider-separator\">\n\t\t\t\t\t\t<\/span>\n\t\t<\/div>\n\t\t\t\t<\/div>\n\t\t\t\t<\/div>\n\t\t\t\t\t<\/div>\n\t\t<\/div>\n\t\t\t\t\t<\/div>\n\t\t<\/section>\n\t\t\t\t<\/div>\n\t\t","protected":false},"excerpt":{"rendered":"<p>Anreise Wir bitten folgende Zeiten f\u00fcr Ihre An- und Abreise zu ber\u00fccksichtigen: Anreise: Check-IN 12:30 UhrAbreise:R\u00fcckgabe Boot: 09:00 UhrCheck-OUT\u00a010:30 Uhr<\/p>\n","protected":false},"author":3,"featured_media":0,"parent":1318,"menu_order":43,"comment_status":"closed","ping_status":"closed","template":"","meta":{"footnotes":""},"class_list":["post-244","page","type-page","status-publish","hentry"],"yoast_head":"<!-- This site is optimized with the Yoast SEO plugin v25.6 - https:\/\/yoast.com\/wordpress\/plugins\/seo\/ -->\n<title>Anreise - CasaSiluro<\/title>\n<meta name=\"robots\" content=\"index, follow, max-snippet:-1, max-image-preview:large, max-video-preview:-1\" \/>\n<link rel=\"canonical\" href=\"http:\/\/casasiluro.com\/wordpress\/service\/anreise\/\" \/>\n<meta property=\"og:locale\" content=\"de_DE\" \/>\n<meta property=\"og:type\" content=\"article\" \/>\n<meta property=\"og:title\" content=\"Anreise - CasaSiluro\" \/>\n<meta property=\"og:description\" content=\"Anreise Wir bitten folgende Zeiten f\u00fcr Ihre An- und Abreise zu ber\u00fccksichtigen: Anreise: Check-IN 12:30 UhrAbreise:R\u00fcckgabe Boot: 09:00 UhrCheck-OUT\u00a010:30 Uhr\" \/>\n<meta property=\"og:url\" content=\"http:\/\/casasiluro.com\/wordpress\/service\/anreise\/\" \/>\n<meta property=\"og:site_name\" content=\"CasaSiluro\" \/>\n<meta property=\"article:publisher\" content=\"https:\/\/www.facebook.com\/CasaSiluro\/\" \/>\n<meta property=\"article:modified_time\" content=\"2020-04-03T13:59:16+00:00\" \/>\n<meta property=\"og:image\" content=\"http:\/\/casasiluro.com\/wordpress\/wp-content\/uploads\/2020\/03\/anfahrt.png\" \/>\n<meta name=\"twitter:card\" content=\"summary_large_image\" \/>\n<script type=\"application\/ld+json\" class=\"yoast-schema-graph\">{\"@context\":\"https:\/\/schema.org\",\"@graph\":[{\"@type\":\"WebPage\",\"@id\":\"http:\/\/casasiluro.com\/wordpress\/service\/anreise\/\",\"url\":\"http:\/\/casasiluro.com\/wordpress\/service\/anreise\/\",\"name\":\"Anreise - CasaSiluro\",\"isPartOf\":{\"@id\":\"http:\/\/casasiluro.com\/wordpress\/#website\"},\"primaryImageOfPage\":{\"@id\":\"http:\/\/casasiluro.com\/wordpress\/service\/anreise\/#primaryimage\"},\"image\":{\"@id\":\"http:\/\/casasiluro.com\/wordpress\/service\/anreise\/#primaryimage\"},\"thumbnailUrl\":\"http:\/\/casasiluro.com\/wordpress\/wp-content\/uploads\/2020\/03\/anfahrt.png\",\"datePublished\":\"2020-03-10T11:06:20+00:00\",\"dateModified\":\"2020-04-03T13:59:16+00:00\",\"breadcrumb\":{\"@id\":\"http:\/\/casasiluro.com\/wordpress\/service\/anreise\/#breadcrumb\"},\"inLanguage\":\"de\",\"potentialAction\":[{\"@type\":\"ReadAction\",\"target\":[\"http:\/\/casasiluro.com\/wordpress\/service\/anreise\/\"]}]},{\"@type\":\"ImageObject\",\"inLanguage\":\"de\",\"@id\":\"http:\/\/casasiluro.com\/wordpress\/service\/anreise\/#primaryimage\",\"url\":\"https:\/\/casasiluro.com\/wordpress\/wp-content\/uploads\/2020\/03\/anfahrt.png\",\"contentUrl\":\"https:\/\/casasiluro.com\/wordpress\/wp-content\/uploads\/2020\/03\/anfahrt.png\",\"width\":980,\"height\":735},{\"@type\":\"BreadcrumbList\",\"@id\":\"http:\/\/casasiluro.com\/wordpress\/service\/anreise\/#breadcrumb\",\"itemListElement\":[{\"@type\":\"ListItem\",\"position\":1,\"name\":\"Startseite\",\"item\":\"http:\/\/casasiluro.com\/wordpress\/\"},{\"@type\":\"ListItem\",\"position\":2,\"name\":\"Service\",\"item\":\"http:\/\/casasiluro.com\/wordpress\/service\/\"},{\"@type\":\"ListItem\",\"position\":3,\"name\":\"Anreise\"}]},{\"@type\":\"WebSite\",\"@id\":\"http:\/\/casasiluro.com\/wordpress\/#website\",\"url\":\"http:\/\/casasiluro.com\/wordpress\/\",\"name\":\"CasaSiluro\",\"description\":\"Dein Wallercamp am Po - Welsfischen in Italien\",\"publisher\":{\"@id\":\"http:\/\/casasiluro.com\/wordpress\/#organization\"},\"potentialAction\":[{\"@type\":\"SearchAction\",\"target\":{\"@type\":\"EntryPoint\",\"urlTemplate\":\"http:\/\/casasiluro.com\/wordpress\/?s={search_term_string}\"},\"query-input\":{\"@type\":\"PropertyValueSpecification\",\"valueRequired\":true,\"valueName\":\"search_term_string\"}}],\"inLanguage\":\"de\"},{\"@type\":\"Organization\",\"@id\":\"http:\/\/casasiluro.com\/wordpress\/#organization\",\"name\":\"CasaSiluro\",\"url\":\"http:\/\/casasiluro.com\/wordpress\/\",\"logo\":{\"@type\":\"ImageObject\",\"inLanguage\":\"de\",\"@id\":\"http:\/\/casasiluro.com\/wordpress\/#\/schema\/logo\/image\/\",\"url\":\"https:\/\/casasiluro.com\/wordpress\/wp-content\/uploads\/2020\/03\/Casasiluro_2000_400-1.png\",\"contentUrl\":\"https:\/\/casasiluro.com\/wordpress\/wp-content\/uploads\/2020\/03\/Casasiluro_2000_400-1.png\",\"width\":2000,\"height\":400,\"caption\":\"CasaSiluro\"},\"image\":{\"@id\":\"http:\/\/casasiluro.com\/wordpress\/#\/schema\/logo\/image\/\"},\"sameAs\":[\"https:\/\/www.facebook.com\/CasaSiluro\/\",\"https:\/\/www.instagram.com\/casasiluro_wallercamp\/\",\"https:\/\/www.youtube.com\/user\/CasaSiluroWallercamp\"]}]}<\/script>\n<!-- \/ Yoast SEO plugin. -->","yoast_head_json":{"title":"Anreise - CasaSiluro","robots":{"index":"index","follow":"follow","max-snippet":"max-snippet:-1","max-image-preview":"max-image-preview:large","max-video-preview":"max-video-preview:-1"},"canonical":"http:\/\/casasiluro.com\/wordpress\/service\/anreise\/","og_locale":"de_DE","og_type":"article","og_title":"Anreise - CasaSiluro","og_description":"Anreise Wir bitten folgende Zeiten f\u00fcr Ihre An- und Abreise zu ber\u00fccksichtigen: Anreise: Check-IN 12:30 UhrAbreise:R\u00fcckgabe Boot: 09:00 UhrCheck-OUT\u00a010:30 Uhr","og_url":"http:\/\/casasiluro.com\/wordpress\/service\/anreise\/","og_site_name":"CasaSiluro","article_publisher":"https:\/\/www.facebook.com\/CasaSiluro\/","article_modified_time":"2020-04-03T13:59:16+00:00","og_image":[{"url":"http:\/\/casasiluro.com\/wordpress\/wp-content\/uploads\/2020\/03\/anfahrt.png","type":"","width":"","height":""}],"twitter_card":"summary_large_image","schema":{"@context":"https:\/\/schema.org","@graph":[{"@type":"WebPage","@id":"http:\/\/casasiluro.com\/wordpress\/service\/anreise\/","url":"http:\/\/casasiluro.com\/wordpress\/service\/anreise\/","name":"Anreise - CasaSiluro","isPartOf":{"@id":"http:\/\/casasiluro.com\/wordpress\/#website"},"primaryImageOfPage":{"@id":"http:\/\/casasiluro.com\/wordpress\/service\/anreise\/#primaryimage"},"image":{"@id":"http:\/\/casasiluro.com\/wordpress\/service\/anreise\/#primaryimage"},"thumbnailUrl":"http:\/\/casasiluro.com\/wordpress\/wp-content\/uploads\/2020\/03\/anfahrt.png","datePublished":"2020-03-10T11:06:20+00:00","dateModified":"2020-04-03T13:59:16+00:00","breadcrumb":{"@id":"http:\/\/casasiluro.com\/wordpress\/service\/anreise\/#breadcrumb"},"inLanguage":"de","potentialAction":[{"@type":"ReadAction","target":["http:\/\/casasiluro.com\/wordpress\/service\/anreise\/"]}]},{"@type":"ImageObject","inLanguage":"de","@id":"http:\/\/casasiluro.com\/wordpress\/service\/anreise\/#primaryimage","url":"https:\/\/casasiluro.com\/wordpress\/wp-content\/uploads\/2020\/03\/anfahrt.png","contentUrl":"https:\/\/casasiluro.com\/wordpress\/wp-content\/uploads\/2020\/03\/anfahrt.png","width":980,"height":735},{"@type":"BreadcrumbList","@id":"http:\/\/casasiluro.com\/wordpress\/service\/anreise\/#breadcrumb","itemListElement":[{"@type":"ListItem","position":1,"name":"Startseite","item":"http:\/\/casasiluro.com\/wordpress\/"},{"@type":"ListItem","position":2,"name":"Service","item":"http:\/\/casasiluro.com\/wordpress\/service\/"},{"@type":"ListItem","position":3,"name":"Anreise"}]},{"@type":"WebSite","@id":"http:\/\/casasiluro.com\/wordpress\/#website","url":"http:\/\/casasiluro.com\/wordpress\/","name":"CasaSiluro","description":"Dein Wallercamp am Po - Welsfischen in Italien","publisher":{"@id":"http:\/\/casasiluro.com\/wordpress\/#organization"},"potentialAction":[{"@type":"SearchAction","target":{"@type":"EntryPoint","urlTemplate":"http:\/\/casasiluro.com\/wordpress\/?s={search_term_string}"},"query-input":{"@type":"PropertyValueSpecification","valueRequired":true,"valueName":"search_term_string"}}],"inLanguage":"de"},{"@type":"Organization","@id":"http:\/\/casasiluro.com\/wordpress\/#organization","name":"CasaSiluro","url":"http:\/\/casasiluro.com\/wordpress\/","logo":{"@type":"ImageObject","inLanguage":"de","@id":"http:\/\/casasiluro.com\/wordpress\/#\/schema\/logo\/image\/","url":"https:\/\/casasiluro.com\/wordpress\/wp-content\/uploads\/2020\/03\/Casasiluro_2000_400-1.png","contentUrl":"https:\/\/casasiluro.com\/wordpress\/wp-content\/uploads\/2020\/03\/Casasiluro_2000_400-1.png","width":2000,"height":400,"caption":"CasaSiluro"},"image":{"@id":"http:\/\/casasiluro.com\/wordpress\/#\/schema\/logo\/image\/"},"sameAs":["https:\/\/www.facebook.com\/CasaSiluro\/","https:\/\/www.instagram.com\/casasiluro_wallercamp\/","https:\/\/www.youtube.com\/user\/CasaSiluroWallercamp"]}]}},"_links":{"self":[{"href":"https:\/\/casasiluro.com\/wordpress\/wp-json\/wp\/v2\/pages\/244"}],"collection":[{"href":"https:\/\/casasiluro.com\/wordpress\/wp-json\/wp\/v2\/pages"}],"about":[{"href":"https:\/\/casasiluro.com\/wordpress\/wp-json\/wp\/v2\/types\/page"}],"author":[{"embeddable":true,"href":"https:\/\/casasiluro.com\/wordpress\/wp-json\/wp\/v2\/users\/3"}],"replies":[{"embeddable":true,"href":"https:\/\/casasiluro.com\/wordpress\/wp-json\/wp\/v2\/comments?post=244"}],"version-history":[{"count":7,"href":"https:\/\/casasiluro.com\/wordpress\/wp-json\/wp\/v2\/pages\/244\/revisions"}],"predecessor-version":[{"id":1358,"href":"https:\/\/casasiluro.com\/wordpress\/wp-json\/wp\/v2\/pages\/244\/revisions\/1358"}],"up":[{"embeddable":true,"href":"https:\/\/casasiluro.com\/wordpress\/wp-json\/wp\/v2\/pages\/1318"}],"wp:attachment":[{"href":"https:\/\/casasiluro.com\/wordpress\/wp-json\/wp\/v2\/media?parent=244"}],"curies":[{"name":"wp","href":"https:\/\/api.w.org\/{rel}","templated":true}]}}