{"id":282,"date":"2020-03-18T20:28:06","date_gmt":"2020-03-18T20:28:06","guid":{"rendered":"http:\/\/casasiluro.com\/wordpress\/wordpress\/der-chef-2\/"},"modified":"2020-04-03T13:59:04","modified_gmt":"2020-04-03T13:59:04","slug":"der-chef","status":"publish","type":"page","link":"https:\/\/casasiluro.com\/wordpress\/service\/der-chef\/","title":{"rendered":"Der Chef"},"content":{"rendered":"<p><span style=\"font-size: 14px;\"><span style=\"font-family: Arial;\"><!-- [if gte mso 9]><xml> <w:WordDocument> <w:View>Normal<\/w:View> <w:Zoom>0<\/w:Zoom> <w:HyphenationZone>21<\/w:HyphenationZone> <w:Compatibility> <w:BreakWrappedTables \/> <w:SnapToGridInCell \/> <w:WrapTextWithPunct \/> <w:UseAsianBreakRules \/> <\/w:Compatibility> <w:BrowserLevel>MicrosoftInternetExplorer4<\/w:BrowserLevel> <\/w:WordDocument> <\/xml><![endif]--><\/span><\/span><\/p>\n<style type=\"text\/css\"><\/style>\n<p><span style=\"font-size: 14px;\"><span style=\"font-family: Arial;\"><!-- [if gte mso 10]> \n\n\n\n<style> \/* Style Definitions *\/ table.MsoNormalTable {mso-style-name:\"Normale Tabelle\"; mso-tstyle-rowband-size:0; mso-tstyle-colband-size:0; mso-style-noshow:yes; mso-style-parent:\"\"; mso-padding-alt:0cm 5.4pt 0cm 5.4pt; mso-para-margin:0cm; mso-para-margin-bottom:.0001pt; mso-pagination:widow-orphan; font-size:10.0pt; font-family:\"Times New Roman\";} <\/style>\n\n\n\n <![endif]--><!-- [if gte mso 9]><xml> <o:shapedefaults v:ext=\"edit\" spidmax=\"1026\" \/> <\/xml><![endif]--><!-- [if gte mso 9]><xml> <o:shapelayout v:ext=\"edit\"> <o:idmap v:ext=\"edit\" data=\"1\" \/> <\/o:shapelayout><\/xml><![endif]--> <\/span><\/span><\/p>\n<p class=\"MsoNormal\"><span style=\"font-size: 16px;\"><span style=\"font-family: Arial;\"><strong><u>Mein Name ist Harry Stadlhuber,<\/u><\/strong><\/span><\/span><\/p>\n<p>&nbsp;<\/p>\n<p class=\"MsoNormal\"><u><strong><img decoding=\"async\" class=\" size-full wp-image-263\" src=\"https:\/\/casasiluro.com\/wordpress\/wp-content\/uploads\/2010\/07\/casasiluro.com_images_phocagallery_feb2013_cs2.jpg\" alt=\"\" width=\"250\" height=\"188\" border=\"0\"><\/strong><\/u><\/p>\n<p class=\"MsoNormal\">\n<p>&nbsp;<\/p>\n<p class=\"MsoNormal\">\n<p>&nbsp;<\/p>\n<div>\n<p class=\"MsoNormal\">\n<\/div>\n<p>&nbsp;<\/p>\n<p class=\"MsoNormal\"><span style=\"font-size: 14px;\"><span style=\"font-family: Arial;\"><!-- [if gte mso 9]><xml> <w:WordDocument> <w:View>Normal<\/w:View> <w:Zoom>0<\/w:Zoom> <w:HyphenationZone>21<\/w:HyphenationZone> <w:Compatibility> <w:BreakWrappedTables \/> <w:SnapToGridInCell \/> <w:WrapTextWithPunct \/> <w:UseAsianBreakRules \/> <\/w:Compatibility> <w:BrowserLevel>MicrosoftInternetExplorer4<\/w:BrowserLevel> <\/w:WordDocument> <\/xml><![endif]--><\/span><\/span><\/p>\n<style type=\"text\/css\"><\/style>\n<p class=\"MsoNormal\"><!-- [if gte mso 10]> \n\n\n\n<style> \/* Style Definitions *\/ table.MsoNormalTable {mso-style-name:\"Normale Tabelle\"; mso-tstyle-rowband-size:0; mso-tstyle-colband-size:0; mso-style-noshow:yes; mso-style-parent:\"\"; mso-padding-alt:0cm 5.4pt 0cm 5.4pt; mso-para-margin:0cm; mso-para-margin-bottom:.0001pt; mso-pagination:widow-orphan; font-size:10.0pt; font-family:\"Times New Roman\";} <\/style>\n\n\n\n <![endif]--><!-- [if gte mso 9]><xml> <o:shapedefaults v:ext=\"edit\" spidmax=\"1026\" \/> <\/xml><![endif]--><!-- [if gte mso 9]><xml> <o:shapelayout v:ext=\"edit\"> <o:idmap v:ext=\"edit\" data=\"1\" \/> <\/o:shapelayout><\/xml><![endif]--><span style=\"font-family: Arial;\">Meine Leidenschaft ist Angeln!<\/span><\/p>\n<p><img decoding=\"async\" class=\" size-full wp-image-264\" src=\"https:\/\/casasiluro.com\/wordpress\/wp-content\/uploads\/2010\/07\/www.casasiluro.com_images_phocagallery_WallerBilder_thumbs_phoca_thumb_l_sg100466.jpg\" alt=\"\" width=\"200\" height=\"134\" border=\"0\"> <img decoding=\"async\" class=\" size-full wp-image-265\" src=\"https:\/\/casasiluro.com\/wordpress\/wp-content\/uploads\/2010\/07\/www.casasiluro.com_images_phocagallery_WallerBilder_thumbs_phoca_thumb_l_so-auf-5.jpg\" alt=\"\" width=\"200\" height=\"133\" border=\"0\"> <img loading=\"lazy\" decoding=\"async\" class=\" size-full wp-image-266\" src=\"https:\/\/casasiluro.com\/wordpress\/wp-content\/uploads\/2010\/07\/www.casasiluro.com_images_phocagallery_WallerBilder_thumbs_phoca_thumb_l_imm028-6.jpg\" alt=\"\" width=\"177\" height=\"133\" border=\"0\"><\/p>\n<p class=\"MsoNormal\" style=\"text-align: left;\"><span style=\"font-family: Arial;\"><!-- [if gte mso 9]><xml> <w:WordDocument> <w:View>Normal<\/w:View> <w:Zoom>0<\/w:Zoom> <w:HyphenationZone>21<\/w:HyphenationZone> <w:Compatibility> <w:BreakWrappedTables \/> <w:SnapToGridInCell \/> <w:WrapTextWithPunct \/> <w:UseAsianBreakRules \/> <\/w:Compatibility> <w:BrowserLevel>MicrosoftInternetExplorer4<\/w:BrowserLevel> <\/w:WordDocument> <\/xml><![endif]--><\/span><\/p>\n<style type=\"text\/css\"><\/style>\n<p><span style=\"font-family: Arial;\"><!-- [if gte mso 10]> \n\n\n\n<style> \/* Style Definitions *\/ table.MsoNormalTable {mso-style-name:\"Normale Tabelle\"; mso-tstyle-rowband-size:0; mso-tstyle-colband-size:0; mso-style-noshow:yes; mso-style-parent:\"\"; mso-padding-alt:0cm 5.4pt 0cm 5.4pt; mso-para-margin:0cm; mso-para-margin-bottom:.0001pt; mso-pagination:widow-orphan; font-size:10.0pt; font-family:\"Times New Roman\";} <\/style>\n\n\n\n <![endif]--><!-- [if gte mso 9]><xml> <o:shapedefaults v:ext=\"edit\" spidmax=\"1026\" \/> <\/xml><![endif]--><!-- [if gte mso 9]><xml> <o:shapelayout v:ext=\"edit\"> <o:idmap v:ext=\"edit\" data=\"1\" \/> <\/o:shapelayout><\/xml><![endif]--> <\/span><\/p>\n<p class=\"MsoNormal\"><span style=\"font-size: 14px;\"><span style=\"font-family: Arial;\">Sehr fr\u00fch bekam ich meine erste Angel, Handangel nennt man das ja heute noch. <\/span><\/span><span style=\"font-family: Arial;\"><\/span><\/p>\n<p><span style=\"font-size: 14px;\">Mit dieser habe ich mit meinen Freunden die umliegenden B\u00e4che und Weiher unsicher gemacht.<br \/>\nWir hatten in einem Dorfweiher Forellen und Grundeln die wir dort befischen durften ohne gro\u00dfe Probleme zu bekommen. Der \u201eKiesweiher\u201c, war mitten im Dorf und so waren wir immer unter Aufsicht und Kontrolle. Bald war das jeden Nachmittag der Treffpunkt meiner Schulklasse und von Freunden.<br \/>\nSchnell kristallisierten sich einige Jungs heraus, die die Leidenschaft packte.<br \/>\nIch durfte damals schon mit einem Fischer Namens \u201eHerrn Hans Witt\u201c mit an den nahe gelegenen Fluss Isen zum Fischen fahren, auch nachts! <\/span><br \/>\n<span style=\"font-size: 14px;\"><span style=\"font-family: Arial;\">Ich kann mich heute noch genau an die erste Nacht am Wasser erinnern, denn das war ein Erlebnis das mich nie mehr los gelassen hat.<br \/>\nEs erwachte in mir nicht nur die Leidenschaft zum Angeln sondern auch eine Verbundenheit mit der Natur. <\/span><\/span><\/p>\n<p><span style=\"font-size: 14px;\"><span style=\"font-family: Arial;\">Mein erster \u201eriesiger\u201c Fisch in dieser Nacht war ein Aal von 85cm L\u00e4nge. <\/span><\/span> <span style=\"font-family: Arial;\"> <span style=\"font-size: 14px;\"><span style=\"font-family: Arial;\"><!-- [if gte mso 9]><xml> <w:WordDocument> <w:View>Normal<\/w:View> <w:Zoom>0<\/w:Zoom> <w:HyphenationZone>21<\/w:HyphenationZone> <w:Compatibility> <w:BreakWrappedTables \/> <w:SnapToGridInCell \/> <w:WrapTextWithPunct \/> <w:UseAsianBreakRules \/> <\/w:Compatibility> <w:BrowserLevel>MicrosoftInternetExplorer4<\/w:BrowserLevel> <\/w:WordDocument> <\/xml><![endif]--><\/span><\/span><\/span><\/p>\n<style type=\"text\/css\"><\/style>\n<p>    <span style=\"font-size: 14px;\"><span style=\"font-family: Arial;\"> <!-- [if gte mso 10]> \n\n\n\n<style> \/* Style Definitions *\/ table.MsoNormalTable {mso-style-name:\"Normale Tabelle\"; mso-tstyle-rowband-size:0; mso-tstyle-colband-size:0; mso-style-noshow:yes; mso-style-parent:\"\"; mso-padding-alt:0cm 5.4pt 0cm 5.4pt; mso-para-margin:0cm; mso-para-margin-bottom:.0001pt; mso-pagination:widow-orphan; font-size:10.0pt; font-family:\"Times New Roman\";} <\/style>\n\n\n\n <![endif]--><!-- [if gte mso 9]><xml> <o:shapedefaults v:ext=\"edit\" spidmax=\"1026\" \/> <\/xml><![endif]--><!-- [if gte mso 9]><xml> <o:shapelayout v:ext=\"edit\"> <o:idmap v:ext=\"edit\" data=\"1\" \/> <\/o:shapelayout><\/xml><![endif]--><\/span><\/span><\/p>\n<p><span style=\"font-size: 14px;\"><span style=\"font-family: Arial;\">Von diesem Zeitpunkt an durfte ich fast jedes Wochenende mit, ich konnte in all diesen Jahren sehr viele Fischer kennen lernen die mich in meinem Tun und Wissen gepr\u00e4gt haben.<br \/>\nAuch heute k\u00f6nnte ich Alle noch mit Namen aufz\u00e4hlen!<br \/>\nDiese Kameradschaft hat mir einiges mit auf meine Lebensreise gegeben. <\/span><\/span>         <span style=\"font-size: 14px;\"><span style=\"font-family: Arial;\"><\/span><\/span><\/p>\n<p>Leider wurde ich mit 8 Jahren sehr krank und durfte f\u00fcr 2 Jahre nicht mehr mit.<br \/>\nAber es gab ja immer noch den Kiesweiher im Dorf und die umliegenden L\u00f6schweiher und B\u00e4che.<\/p>\n<p class=\"MsoNormal\"><span style=\"font-size: 14px;\"><span style=\"font-family: Arial;\">Eigentlich habe ich in den folgenden Jahren nie aufgeh\u00f6rt zu fischen, habe aber erst mit 21 Jahren meine Fischerpr\u00fcfung gemacht. -&gt; Das Pr\u00fcfungsbuch konnte ich auswendig.<br \/>\nAn dem Tag als ich mit dem Zeugnis aus der Pr\u00fcfung kam musste ich heulen vor Freude.<\/span><\/span><\/p>\n<p>Karpfenfischen hatte nie mein Interesse geweckt, da bei uns sehr viel Bewuchs in den Seen war, mir schien es unn\u00f6tig die Karpfen in den Krautb\u00e4nken zu drillen und abzurei\u00dfen.<\/p>\n<p class=\"MsoNormal\">\n<p class=\"MsoNormal\">Deshalb habe ich mich von Anfang an,&nbsp; sehr mit der Raubfischerei besch\u00e4ftigt. Die wurde auch zu meiner gro\u00dfen Leidenschaft. Besonders Hecht, Zander und Forelle, aber vor allem der Huchen, waren meine Favoriten.<\/p>\n<p class=\"MsoNormal\" style=\"text-align: center;\"><span style=\"font-family: Arial;\"><span style=\"font-family: Arial;\"><img loading=\"lazy\" decoding=\"async\" class=\" size-full wp-image-267\" src=\"https:\/\/casasiluro.com\/wordpress\/wp-content\/uploads\/2010\/07\/www.casasiluro.com_images_phocagallery_AlFaro_thumbs_phoca_thumb_l_0027.jpg\" alt=\"\" width=\"300\" height=\"201\" border=\"0\"><\/span><\/span><\/p>\n<p class=\"MsoNormal\"><span style=\"font-family: Arial;\"><br \/>\n<span style=\"font-size: 14px;\">Nach f\u00fcnf Jahren exzessiven Angeln, habe ich auf einer meiner Irland Reisen eine Angelzeitschrift in die H\u00e4nde bekommen, in der \u00fcber den Waller berichtet wurde, Wallerfischen in Spanien!<br \/>\nDieser Bericht lie\u00df mich in den folgenden Jahren nicht mehr los, aber ich bin nie zum Wallerfischen gekommen. Ich war auch zu sehr mit den Hechten und meinen Irland Reisen besch\u00e4ftigt! <\/span><\/span><\/p>\n<p class=\"MsoNormal\"><span style=\"font-size: 14px;\"><span style=\"font-family: Arial;\">1998 bin ich an eine Jahreskarte der Rott gekommen, man konnte dort sehr ungezwungen Fischen.<br \/>\nDie Rott war schon immer ein Fluss unter den Top 10 der besten Waller Reviere Deutschlands.<br \/>\nIch verbrachte meine gesamte Freizeit an der Rott und konnte auch immer wieder Massenf\u00e4nge von Wallern erleben, diese waren aber nie gr\u00f6\u00dfer als 80-90cm. <\/span><\/span><\/p>\n<p><span style=\"font-size: 14px;\"><span style=\"font-family: Arial;\">Zu dieser Zeit lernte ich Andreas Weyel kennen und erz\u00e4hlte ihm meine Erlebnisse mit den Wallern.<br \/>\nDarauf schenkte er mir ein Buch von Thomas Pflauger.<br \/>\nIn jeder freien Minute war ich beim Wallerfischen und habe in dem Buch gelesen.<br \/>\nDieses Buch zu lesen brachte f\u00fcr mich auf jeder Seite ein neues aha-Erlebnis! <\/span><\/span><\/p>\n<p class=\"MsoNormal\" style=\"text-align: center;\">\n<p class=\"MsoNormal\" style=\"text-align: center;\"><span style=\"font-family: Arial;\"><img loading=\"lazy\" decoding=\"async\" class=\" size-full wp-image-268\" src=\"https:\/\/casasiluro.com\/wordpress\/wp-content\/uploads\/2010\/07\/www.casasiluro.com_images_phocagallery_WallerBilder_thumbs_phoca_thumb_l_waller-8.jpg\" alt=\"\" width=\"300\" height=\"201\" border=\"0\"><\/span><\/p>\n<p>&nbsp;<\/p>\n<p><span style=\"font-family: Arial;\">&nbsp;<\/span><\/p>\n<p><span style=\"font-size: 14px;\"><span style=\"font-family: Arial;\">Endlich konnte ich dann auch schnell bessere Ergebnisse erzielen, bis 125 cm.<br \/>\n(was leider in Deutschland mein gr\u00f6\u00dfter Waller bisher war) <\/span><\/span> <span style=\"font-size: 14px;\"><span style=\"font-family: Arial;\"><\/span><\/span><\/p>\n<p>Seit diesem Buch hat es mich in den Fingern gejuckt!<br \/>\nMein Wunsch war es einmal an den Ebro zu fahren, dieser Wunsch wurde st\u00e4rker und st\u00e4rker.<br \/>\nUnd noch im selben Jahr im November ging die Reise in Andrees Waller-camp.<br \/>\nIch Konnte dort nichts fangen, was meinen Ehrgeiz nur noch mehr befl\u00fcgelt hatte.<br \/>\nIch musste mir auch eingestehen, bis dato nicht viel an Erfahrungen \u00fcbers Wallerfischen zu haben.  <span style=\"font-size: 14px;\"><span style=\"font-family: Arial;\"><\/span><\/span><\/p>\n<p>Fischen im Stillwasser, war aber eigentlich keine Option f\u00fcr mich, ein Fluss ist da nat\u00fcrlich viel interessanter!<\/p>\n<p class=\"MsoNormal\" style=\"text-align: center;\">\n<p class=\"MsoNormal\" style=\"text-align: center;\"><img loading=\"lazy\" decoding=\"async\" class=\" size-full wp-image-269\" src=\"https:\/\/casasiluro.com\/wordpress\/wp-content\/uploads\/2010\/07\/www.casasiluro.com_images_phocagallery_WallerBilder_thumbs_phoca_thumb_l_w0010-6.jpg\" alt=\"\" width=\"299\" height=\"200\" border=\"0\"><\/p>\n<p class=\"MsoNormal\" style=\"text-align: center;\">\n<p class=\"MsoNormal\" style=\"text-align: center;\">\n<p class=\"MsoNormal\">\n<p><span style=\"font-family: Arial;\"><span style=\"font-family: Arial;\"> <span style=\"font-family: Arial;\"><!-- [if gte mso 9]><xml> <w:WordDocument> <w:View>Normal<\/w:View> <w:Zoom>0<\/w:Zoom> <w:HyphenationZone>21<\/w:HyphenationZone> <w:Compatibility> <w:BreakWrappedTables \/> <w:SnapToGridInCell \/> <w:WrapTextWithPunct \/> <w:UseAsianBreakRules \/> <\/w:Compatibility> <w:BrowserLevel>MicrosoftInternetExplorer4<\/w:BrowserLevel> <\/w:WordDocument> <\/xml><![endif]--><\/span><\/span><\/span><\/p>\n<style type=\"text\/css\"><\/style>\n<p><span style=\"font-family: Arial;\"><!-- [if gte mso 10]> \n\n\n\n<style> \/* Style Definitions *\/ table.MsoNormalTable {mso-style-name:\"Normale Tabelle\"; mso-tstyle-rowband-size:0; mso-tstyle-colband-size:0; mso-style-noshow:yes; mso-style-parent:\"\"; mso-padding-alt:0cm 5.4pt 0cm 5.4pt; mso-para-margin:0cm; mso-para-margin-bottom:.0001pt; mso-pagination:widow-orphan; font-size:10.0pt; font-family:\"Times New Roman\";} <\/style>\n\n\n\n <![endif]--><!-- [if gte mso 9]><xml> <o:shapedefaults v:ext=\"edit\" spidmax=\"1026\" \/> <\/xml><![endif]--><!-- [if gte mso 9]><xml> <o:shapelayout v:ext=\"edit\"> <o:idmap v:ext=\"edit\" data=\"1\" \/> <\/o:shapelayout><\/xml><![endif]--> <\/span><\/p>\n<p class=\"MsoNormal\"><span style=\"font-size: 14px;\"><span style=\"font-family: Arial;\">In den 10 Jahren die ich nun schon am PO fische habe ich die kontinuierliche Weiterentwicklung der Methoden und die daf\u00fcr verantwortlichen Waller-Profis kennenlernen d\u00fcrfen.<br \/>\nViele G\u00e4ste die in den vergangenen Jahren unser Camp Casasiluro (Haus des Wallers) besucht haben sind gute Freunde geworden. <\/span><\/span><\/p>\n<p class=\"MsoNormal\"><span style=\"font-size: 14px;\"><span style=\"font-family: Arial;\">Die Meisten unsere G\u00e4ste beschreiben uns mit dem Satz:<br \/>\n<strong>Wir sind als G\u00e4ste gekommen und als Freunde gegangen! <\/strong><\/span><\/span><\/p>\n<p>Diese Freundschaften sind ein Baustein unseres Casasiluro geworden und es herrscht meist eine fast schon famili\u00e4re Stimmung.<\/p>\n<p class=\"MsoNormal\" style=\"text-align: center;\"><span style=\"font-family: Arial;\">&nbsp;<img loading=\"lazy\" decoding=\"async\" class=\" size-full wp-image-270\" src=\"https:\/\/casasiluro.com\/wordpress\/wp-content\/uploads\/2010\/07\/www.casasiluro.com_images_phocagallery_Weingut_thumbs_phoca_thumb_l_sg104178.jpg14.jpg\" alt=\"\" width=\"300\" height=\"201\" border=\"0\"><br \/>\n<\/span><\/p>\n<p><span style=\"font-size: 14px;\"><span style=\"font-family: Arial;\">Der Name &#8222;Casasiluro&#8220; stammt von drei Freunden die Ihren Wohnwagen ebenso benannt hatten.<br \/>\nMit deren Einverst\u00e4ndnis haben wir den Namen \u00fcbernommen.<br \/>\nJ\u00f6rg, Albert und Wallerfred, Danke und ein dickes Petri Heil! <\/span><\/span> <span style=\"font-size: 14px;\"><span style=\"font-family: Arial;\"><\/span><\/span><\/p>\n<p>Wir freuen und auch auf Ihren Besuch und w\u00fcnschen viel Spa\u00df, bei diesem so leidenschaftlichen Hobby!!!<\/p>\n<p>Ihr Harry Stadlhuber<\/p>\n<p>SIe treffen mich auch auf Facebook an!<\/p>\n<p><a href=\"https:\/\/www.facebook.com\/profile.php?id=100003815182130\" target=\"_blank\" rel=\"noopener noreferrer\"><img loading=\"lazy\" decoding=\"async\" src=\"http:\/\/casasiluro.com\/wordpress\/images\/stories\/fb.jpg\" alt=\"\" width=\"150\" height=\"42\" border=\"0\"><\/a><br \/>\n<span style=\"font-size: 14px;\"><span style=\"font-size: 14px;\"><span style=\"font-family: Arial;\"><br \/>\n<\/span><\/span><\/span><\/p>\n","protected":false},"excerpt":{"rendered":"<p>Mein Name ist Harry Stadlhuber, &nbsp; &nbsp; &nbsp; &nbsp; Meine Leidenschaft ist Angeln! Sehr fr\u00fch bekam ich meine erste Angel,<\/p>\n","protected":false},"author":3,"featured_media":0,"parent":1318,"menu_order":35,"comment_status":"closed","ping_status":"closed","template":"","meta":{"footnotes":""},"class_list":["post-282","page","type-page","status-publish","hentry"],"yoast_head":"<!-- This site is optimized with the Yoast SEO plugin v25.6 - https:\/\/yoast.com\/wordpress\/plugins\/seo\/ -->\n<title>Der Chef - CasaSiluro<\/title>\n<meta name=\"robots\" content=\"index, follow, max-snippet:-1, max-image-preview:large, max-video-preview:-1\" \/>\n<link rel=\"canonical\" href=\"http:\/\/casasiluro.com\/wordpress\/service\/der-chef\/\" \/>\n<meta property=\"og:locale\" content=\"de_DE\" \/>\n<meta property=\"og:type\" content=\"article\" \/>\n<meta property=\"og:title\" content=\"Der Chef - CasaSiluro\" \/>\n<meta property=\"og:description\" content=\"Mein Name ist Harry Stadlhuber, &nbsp; &nbsp; &nbsp; &nbsp; Meine Leidenschaft ist Angeln! Sehr fr\u00fch bekam ich meine erste Angel,\" \/>\n<meta property=\"og:url\" content=\"http:\/\/casasiluro.com\/wordpress\/service\/der-chef\/\" \/>\n<meta property=\"og:site_name\" content=\"CasaSiluro\" \/>\n<meta property=\"article:publisher\" content=\"https:\/\/www.facebook.com\/CasaSiluro\/\" \/>\n<meta property=\"article:modified_time\" content=\"2020-04-03T13:59:04+00:00\" \/>\n<meta property=\"og:image\" content=\"https:\/\/casasiluro.com\/wordpress\/wp-content\/uploads\/2010\/07\/casasiluro.com_images_phocagallery_feb2013_cs2.jpg\" \/>\n<meta name=\"twitter:card\" content=\"summary_large_image\" \/>\n<meta name=\"twitter:label1\" content=\"Gesch\u00e4tzte Lesezeit\" \/>\n\t<meta name=\"twitter:data1\" content=\"4\u00a0Minuten\" \/>\n<script type=\"application\/ld+json\" class=\"yoast-schema-graph\">{\"@context\":\"https:\/\/schema.org\",\"@graph\":[{\"@type\":\"WebPage\",\"@id\":\"http:\/\/casasiluro.com\/wordpress\/service\/der-chef\/\",\"url\":\"http:\/\/casasiluro.com\/wordpress\/service\/der-chef\/\",\"name\":\"Der Chef - CasaSiluro\",\"isPartOf\":{\"@id\":\"http:\/\/casasiluro.com\/wordpress\/#website\"},\"primaryImageOfPage\":{\"@id\":\"http:\/\/casasiluro.com\/wordpress\/service\/der-chef\/#primaryimage\"},\"image\":{\"@id\":\"http:\/\/casasiluro.com\/wordpress\/service\/der-chef\/#primaryimage\"},\"thumbnailUrl\":\"https:\/\/casasiluro.com\/wordpress\/wp-content\/uploads\/2010\/07\/casasiluro.com_images_phocagallery_feb2013_cs2.jpg\",\"datePublished\":\"2020-03-18T20:28:06+00:00\",\"dateModified\":\"2020-04-03T13:59:04+00:00\",\"breadcrumb\":{\"@id\":\"http:\/\/casasiluro.com\/wordpress\/service\/der-chef\/#breadcrumb\"},\"inLanguage\":\"de\",\"potentialAction\":[{\"@type\":\"ReadAction\",\"target\":[\"http:\/\/casasiluro.com\/wordpress\/service\/der-chef\/\"]}]},{\"@type\":\"ImageObject\",\"inLanguage\":\"de\",\"@id\":\"http:\/\/casasiluro.com\/wordpress\/service\/der-chef\/#primaryimage\",\"url\":\"https:\/\/casasiluro.com\/wordpress\/wp-content\/uploads\/2010\/07\/casasiluro.com_images_phocagallery_feb2013_cs2.jpg\",\"contentUrl\":\"https:\/\/casasiluro.com\/wordpress\/wp-content\/uploads\/2010\/07\/casasiluro.com_images_phocagallery_feb2013_cs2.jpg\"},{\"@type\":\"BreadcrumbList\",\"@id\":\"http:\/\/casasiluro.com\/wordpress\/service\/der-chef\/#breadcrumb\",\"itemListElement\":[{\"@type\":\"ListItem\",\"position\":1,\"name\":\"Startseite\",\"item\":\"http:\/\/casasiluro.com\/wordpress\/\"},{\"@type\":\"ListItem\",\"position\":2,\"name\":\"Service\",\"item\":\"http:\/\/casasiluro.com\/wordpress\/service\/\"},{\"@type\":\"ListItem\",\"position\":3,\"name\":\"Der Chef\"}]},{\"@type\":\"WebSite\",\"@id\":\"http:\/\/casasiluro.com\/wordpress\/#website\",\"url\":\"http:\/\/casasiluro.com\/wordpress\/\",\"name\":\"CasaSiluro\",\"description\":\"Dein Wallercamp am Po - Welsfischen in Italien\",\"publisher\":{\"@id\":\"http:\/\/casasiluro.com\/wordpress\/#organization\"},\"potentialAction\":[{\"@type\":\"SearchAction\",\"target\":{\"@type\":\"EntryPoint\",\"urlTemplate\":\"http:\/\/casasiluro.com\/wordpress\/?s={search_term_string}\"},\"query-input\":{\"@type\":\"PropertyValueSpecification\",\"valueRequired\":true,\"valueName\":\"search_term_string\"}}],\"inLanguage\":\"de\"},{\"@type\":\"Organization\",\"@id\":\"http:\/\/casasiluro.com\/wordpress\/#organization\",\"name\":\"CasaSiluro\",\"url\":\"http:\/\/casasiluro.com\/wordpress\/\",\"logo\":{\"@type\":\"ImageObject\",\"inLanguage\":\"de\",\"@id\":\"http:\/\/casasiluro.com\/wordpress\/#\/schema\/logo\/image\/\",\"url\":\"https:\/\/casasiluro.com\/wordpress\/wp-content\/uploads\/2020\/03\/Casasiluro_2000_400-1.png\",\"contentUrl\":\"https:\/\/casasiluro.com\/wordpress\/wp-content\/uploads\/2020\/03\/Casasiluro_2000_400-1.png\",\"width\":2000,\"height\":400,\"caption\":\"CasaSiluro\"},\"image\":{\"@id\":\"http:\/\/casasiluro.com\/wordpress\/#\/schema\/logo\/image\/\"},\"sameAs\":[\"https:\/\/www.facebook.com\/CasaSiluro\/\",\"https:\/\/www.instagram.com\/casasiluro_wallercamp\/\",\"https:\/\/www.youtube.com\/user\/CasaSiluroWallercamp\"]}]}<\/script>\n<!-- \/ Yoast SEO plugin. -->","yoast_head_json":{"title":"Der Chef - CasaSiluro","robots":{"index":"index","follow":"follow","max-snippet":"max-snippet:-1","max-image-preview":"max-image-preview:large","max-video-preview":"max-video-preview:-1"},"canonical":"http:\/\/casasiluro.com\/wordpress\/service\/der-chef\/","og_locale":"de_DE","og_type":"article","og_title":"Der Chef - CasaSiluro","og_description":"Mein Name ist Harry Stadlhuber, &nbsp; &nbsp; &nbsp; &nbsp; Meine Leidenschaft ist Angeln! Sehr fr\u00fch bekam ich meine erste Angel,","og_url":"http:\/\/casasiluro.com\/wordpress\/service\/der-chef\/","og_site_name":"CasaSiluro","article_publisher":"https:\/\/www.facebook.com\/CasaSiluro\/","article_modified_time":"2020-04-03T13:59:04+00:00","og_image":[{"url":"https:\/\/casasiluro.com\/wordpress\/wp-content\/uploads\/2010\/07\/casasiluro.com_images_phocagallery_feb2013_cs2.jpg","type":"","width":"","height":""}],"twitter_card":"summary_large_image","twitter_misc":{"Gesch\u00e4tzte Lesezeit":"4\u00a0Minuten"},"schema":{"@context":"https:\/\/schema.org","@graph":[{"@type":"WebPage","@id":"http:\/\/casasiluro.com\/wordpress\/service\/der-chef\/","url":"http:\/\/casasiluro.com\/wordpress\/service\/der-chef\/","name":"Der Chef - CasaSiluro","isPartOf":{"@id":"http:\/\/casasiluro.com\/wordpress\/#website"},"primaryImageOfPage":{"@id":"http:\/\/casasiluro.com\/wordpress\/service\/der-chef\/#primaryimage"},"image":{"@id":"http:\/\/casasiluro.com\/wordpress\/service\/der-chef\/#primaryimage"},"thumbnailUrl":"https:\/\/casasiluro.com\/wordpress\/wp-content\/uploads\/2010\/07\/casasiluro.com_images_phocagallery_feb2013_cs2.jpg","datePublished":"2020-03-18T20:28:06+00:00","dateModified":"2020-04-03T13:59:04+00:00","breadcrumb":{"@id":"http:\/\/casasiluro.com\/wordpress\/service\/der-chef\/#breadcrumb"},"inLanguage":"de","potentialAction":[{"@type":"ReadAction","target":["http:\/\/casasiluro.com\/wordpress\/service\/der-chef\/"]}]},{"@type":"ImageObject","inLanguage":"de","@id":"http:\/\/casasiluro.com\/wordpress\/service\/der-chef\/#primaryimage","url":"https:\/\/casasiluro.com\/wordpress\/wp-content\/uploads\/2010\/07\/casasiluro.com_images_phocagallery_feb2013_cs2.jpg","contentUrl":"https:\/\/casasiluro.com\/wordpress\/wp-content\/uploads\/2010\/07\/casasiluro.com_images_phocagallery_feb2013_cs2.jpg"},{"@type":"BreadcrumbList","@id":"http:\/\/casasiluro.com\/wordpress\/service\/der-chef\/#breadcrumb","itemListElement":[{"@type":"ListItem","position":1,"name":"Startseite","item":"http:\/\/casasiluro.com\/wordpress\/"},{"@type":"ListItem","position":2,"name":"Service","item":"http:\/\/casasiluro.com\/wordpress\/service\/"},{"@type":"ListItem","position":3,"name":"Der Chef"}]},{"@type":"WebSite","@id":"http:\/\/casasiluro.com\/wordpress\/#website","url":"http:\/\/casasiluro.com\/wordpress\/","name":"CasaSiluro","description":"Dein Wallercamp am Po - Welsfischen in Italien","publisher":{"@id":"http:\/\/casasiluro.com\/wordpress\/#organization"},"potentialAction":[{"@type":"SearchAction","target":{"@type":"EntryPoint","urlTemplate":"http:\/\/casasiluro.com\/wordpress\/?s={search_term_string}"},"query-input":{"@type":"PropertyValueSpecification","valueRequired":true,"valueName":"search_term_string"}}],"inLanguage":"de"},{"@type":"Organization","@id":"http:\/\/casasiluro.com\/wordpress\/#organization","name":"CasaSiluro","url":"http:\/\/casasiluro.com\/wordpress\/","logo":{"@type":"ImageObject","inLanguage":"de","@id":"http:\/\/casasiluro.com\/wordpress\/#\/schema\/logo\/image\/","url":"https:\/\/casasiluro.com\/wordpress\/wp-content\/uploads\/2020\/03\/Casasiluro_2000_400-1.png","contentUrl":"https:\/\/casasiluro.com\/wordpress\/wp-content\/uploads\/2020\/03\/Casasiluro_2000_400-1.png","width":2000,"height":400,"caption":"CasaSiluro"},"image":{"@id":"http:\/\/casasiluro.com\/wordpress\/#\/schema\/logo\/image\/"},"sameAs":["https:\/\/www.facebook.com\/CasaSiluro\/","https:\/\/www.instagram.com\/casasiluro_wallercamp\/","https:\/\/www.youtube.com\/user\/CasaSiluroWallercamp"]}]}},"_links":{"self":[{"href":"https:\/\/casasiluro.com\/wordpress\/wp-json\/wp\/v2\/pages\/282"}],"collection":[{"href":"https:\/\/casasiluro.com\/wordpress\/wp-json\/wp\/v2\/pages"}],"about":[{"href":"https:\/\/casasiluro.com\/wordpress\/wp-json\/wp\/v2\/types\/page"}],"author":[{"embeddable":true,"href":"https:\/\/casasiluro.com\/wordpress\/wp-json\/wp\/v2\/users\/3"}],"replies":[{"embeddable":true,"href":"https:\/\/casasiluro.com\/wordpress\/wp-json\/wp\/v2\/comments?post=282"}],"version-history":[{"count":2,"href":"https:\/\/casasiluro.com\/wordpress\/wp-json\/wp\/v2\/pages\/282\/revisions"}],"predecessor-version":[{"id":1308,"href":"https:\/\/casasiluro.com\/wordpress\/wp-json\/wp\/v2\/pages\/282\/revisions\/1308"}],"up":[{"embeddable":true,"href":"https:\/\/casasiluro.com\/wordpress\/wp-json\/wp\/v2\/pages\/1318"}],"wp:attachment":[{"href":"https:\/\/casasiluro.com\/wordpress\/wp-json\/wp\/v2\/media?parent=282"}],"curies":[{"name":"wp","href":"https:\/\/api.w.org\/{rel}","templated":true}]}}