{"id":776,"date":"2020-01-08T10:39:44","date_gmt":"2020-01-08T10:39:44","guid":{"rendered":"http:\/\/casasiluro.com\/wordpress\/wordpress\/casasiluro-das-wallercamp-am-po-mittellauf-guiding-2\/"},"modified":"2020-04-03T13:54:57","modified_gmt":"2020-04-03T13:54:57","slug":"guiding","status":"publish","type":"page","link":"https:\/\/casasiluro.com\/wordpress\/guiding\/","title":{"rendered":"CasaSiluro &#8211; Guiding"},"content":{"rendered":"\t\t<div data-elementor-type=\"wp-page\" data-elementor-id=\"776\" class=\"elementor elementor-776\" data-elementor-post-type=\"page\">\n\t\t\t\t\t\t<section class=\"elementor-section elementor-top-section elementor-element elementor-element-22b9e2db elementor-section-full_width elementor-section-height-default elementor-section-height-default\" data-id=\"22b9e2db\" data-element_type=\"section\" data-settings=\"{&quot;animation_mobile&quot;:&quot;fadeIn&quot;}\">\n\t\t\t\t\t\t<div class=\"elementor-container elementor-column-gap-default\">\n\t\t\t\t\t<div class=\"elementor-column elementor-col-100 elementor-top-column elementor-element elementor-element-7e2cbacc\" data-id=\"7e2cbacc\" data-element_type=\"column\">\n\t\t\t<div class=\"elementor-widget-wrap elementor-element-populated\">\n\t\t\t\t\t\t<div class=\"elementor-element elementor-element-44dcf53 animated-slow elementor-invisible elementor-widget elementor-widget-heading\" data-id=\"44dcf53\" data-element_type=\"widget\" data-settings=\"{&quot;_animation&quot;:&quot;fadeIn&quot;}\" data-widget_type=\"heading.default\">\n\t\t\t\t<div class=\"elementor-widget-container\">\n\t\t\t<h2 class=\"elementor-heading-title elementor-size-default\">Guiding ist nicht gleich Guiding!<\/h2>\t\t<\/div>\n\t\t\t\t<\/div>\n\t\t\t\t<div class=\"elementor-element elementor-element-87e380d elementor-widget-divider--view-line elementor-widget elementor-widget-divider\" data-id=\"87e380d\" data-element_type=\"widget\" data-widget_type=\"divider.default\">\n\t\t\t\t<div class=\"elementor-widget-container\">\n\t\t\t\t\t<div class=\"elementor-divider\">\n\t\t\t<span class=\"elementor-divider-separator\">\n\t\t\t\t\t\t<\/span>\n\t\t<\/div>\n\t\t\t\t<\/div>\n\t\t\t\t<\/div>\n\t\t\t\t<div class=\"elementor-element elementor-element-56b4fe0 elementor-widget elementor-widget-text-editor\" data-id=\"56b4fe0\" data-element_type=\"widget\" data-widget_type=\"text-editor.default\">\n\t\t\t\t<div class=\"elementor-widget-container\">\n\t\t\t\t\t\t\t<p>Der Po ist ein Fluss der st\u00e4ndig sein Gesicht wechselt und damit \u00e4ndern sich nat\u00fcrlich auch Bedingungen wie Wasserstand und Temperaturen. Zu ber\u00fccksichtigen sind auch Mondphasen, Windeinfall und Regenf\u00e4lle. Durch unser Guiding versuchen wir unsere G\u00e4ste an die momentanen Verh\u00e4ltnisse anzupassen um keine Zeit durch sinnlose Versuche zu verlieren.<\/p>\t\t\t\t\t\t<\/div>\n\t\t\t\t<\/div>\n\t\t\t\t<div class=\"elementor-element elementor-element-12f6046 elementor-widget-divider--view-line elementor-widget elementor-widget-divider\" data-id=\"12f6046\" data-element_type=\"widget\" data-widget_type=\"divider.default\">\n\t\t\t\t<div class=\"elementor-widget-container\">\n\t\t\t\t\t<div class=\"elementor-divider\">\n\t\t\t<span class=\"elementor-divider-separator\">\n\t\t\t\t\t\t<\/span>\n\t\t<\/div>\n\t\t\t\t<\/div>\n\t\t\t\t<\/div>\n\t\t\t\t<div class=\"elementor-element elementor-element-afa3e1e elementor-cta--skin-cover animated-slow elementor-animated-content elementor-bg-transform elementor-bg-transform-zoom-in elementor-invisible elementor-widget elementor-widget-call-to-action\" data-id=\"afa3e1e\" data-element_type=\"widget\" data-settings=\"{&quot;_animation&quot;:&quot;fadeIn&quot;}\" data-widget_type=\"call-to-action.default\">\n\t\t\t\t<div class=\"elementor-widget-container\">\n\t\t\t\t\t<div class=\"elementor-cta\">\n\t\t\t\t\t<div class=\"elementor-cta__bg-wrapper\">\n\t\t\t\t<div class=\"elementor-cta__bg elementor-bg\" style=\"background-image: url(https:\/\/casasiluro.com\/wordpress\/wp-content\/uploads\/2020\/03\/46513950_2457087957696726_2401169340196978688_n-1-600x330.jpg);\" role=\"img\" aria-label=\"46513950_2457087957696726_2401169340196978688_n\"><\/div>\n\t\t\t\t<div class=\"elementor-cta__bg-overlay\"><\/div>\n\t\t\t<\/div>\n\t\t\t\t\t\t\t<div class=\"elementor-cta__content\">\n\t\t\t\t\n\t\t\t\t\t\t\t\t\t<h2 class=\"elementor-cta__title elementor-cta__content-item elementor-content-item elementor-animated-item--grow\">\n\t\t\t\t\t\tWaller-Guiding\t\t\t\t\t<\/h2>\n\t\t\t\t\n\t\t\t\t\n\t\t\t\t\t\t\t\t\t<div class=\"elementor-cta__button-wrapper elementor-cta__content-item elementor-content-item elementor-animated-item--grow\">\n\t\t\t\t\t<a class=\"elementor-cta__button elementor-button elementor-size-md\" href=\"http:\/\/casasiluro.com\/guiding\/waller\/\">\n\t\t\t\t\t\tMehr\t\t\t\t\t<\/a>\n\t\t\t\t\t<\/div>\n\t\t\t\t\t\t\t<\/div>\n\t\t\t\t\t\t<\/div>\n\t\t\t\t<\/div>\n\t\t\t\t<\/div>\n\t\t\t\t<div class=\"elementor-element elementor-element-1a11eec elementor-widget-divider--view-line elementor-widget elementor-widget-divider\" data-id=\"1a11eec\" data-element_type=\"widget\" data-widget_type=\"divider.default\">\n\t\t\t\t<div class=\"elementor-widget-container\">\n\t\t\t\t\t<div class=\"elementor-divider\">\n\t\t\t<span class=\"elementor-divider-separator\">\n\t\t\t\t\t\t<\/span>\n\t\t<\/div>\n\t\t\t\t<\/div>\n\t\t\t\t<\/div>\n\t\t\t\t<div class=\"elementor-element elementor-element-58d79e3 elementor-cta--skin-cover animated-slow elementor-animated-content elementor-bg-transform elementor-bg-transform-zoom-in elementor-invisible elementor-widget elementor-widget-call-to-action\" data-id=\"58d79e3\" data-element_type=\"widget\" data-settings=\"{&quot;_animation&quot;:&quot;fadeIn&quot;}\" data-widget_type=\"call-to-action.default\">\n\t\t\t\t<div class=\"elementor-widget-container\">\n\t\t\t\t\t<div class=\"elementor-cta\">\n\t\t\t\t\t<div class=\"elementor-cta__bg-wrapper\">\n\t\t\t\t<div class=\"elementor-cta__bg elementor-bg\" style=\"background-image: url(https:\/\/casasiluro.com\/wordpress\/wp-content\/uploads\/2020\/04\/karpenfischen-am-Po-Mittellauf-in-Italien-23-600x330.jpg);\" role=\"img\" aria-label=\"karpenfischen-am-Po-Mittellauf-in-Italien-23\"><\/div>\n\t\t\t\t<div class=\"elementor-cta__bg-overlay\"><\/div>\n\t\t\t<\/div>\n\t\t\t\t\t\t\t<div class=\"elementor-cta__content\">\n\t\t\t\t\n\t\t\t\t\t\t\t\t\t<h2 class=\"elementor-cta__title elementor-cta__content-item elementor-content-item elementor-animated-item--grow\">\n\t\t\t\t\t\tKarpfen-Guiding\t\t\t\t\t<\/h2>\n\t\t\t\t\n\t\t\t\t\n\t\t\t\t\t\t\t\t\t<div class=\"elementor-cta__button-wrapper elementor-cta__content-item elementor-content-item elementor-animated-item--grow\">\n\t\t\t\t\t<a class=\"elementor-cta__button elementor-button elementor-size-md\" href=\"http:\/\/casasiluro.com\/guiding\/karpfenfischen-am-po-mittellauf-italien\/\">\n\t\t\t\t\t\tMehr\t\t\t\t\t<\/a>\n\t\t\t\t\t<\/div>\n\t\t\t\t\t\t\t<\/div>\n\t\t\t\t\t\t<\/div>\n\t\t\t\t<\/div>\n\t\t\t\t<\/div>\n\t\t\t\t\t<\/div>\n\t\t<\/div>\n\t\t\t\t\t<\/div>\n\t\t<\/section>\n\t\t\t\t<section class=\"elementor-section elementor-top-section elementor-element elementor-element-7ca0dfaa elementor-section-boxed elementor-section-height-default elementor-section-height-default elementor-invisible\" data-id=\"7ca0dfaa\" data-element_type=\"section\" data-settings=\"{&quot;animation&quot;:&quot;fadeIn&quot;}\">\n\t\t\t\t\t\t<div class=\"elementor-container elementor-column-gap-default\">\n\t\t\t\t\t<div class=\"elementor-column elementor-col-100 elementor-top-column elementor-element elementor-element-3f6399dc\" data-id=\"3f6399dc\" data-element_type=\"column\">\n\t\t\t<div class=\"elementor-widget-wrap elementor-element-populated\">\n\t\t\t\t\t\t<div class=\"elementor-element elementor-element-39a84548 elementor-widget-divider--view-line elementor-widget elementor-widget-divider\" data-id=\"39a84548\" data-element_type=\"widget\" data-widget_type=\"divider.default\">\n\t\t\t\t<div class=\"elementor-widget-container\">\n\t\t\t\t\t<div class=\"elementor-divider\">\n\t\t\t<span class=\"elementor-divider-separator\">\n\t\t\t\t\t\t<\/span>\n\t\t<\/div>\n\t\t\t\t<\/div>\n\t\t\t\t<\/div>\n\t\t\t\t<div class=\"elementor-element elementor-element-44746b3d elementor-hidden-desktop elementor-hidden-tablet elementor-widget elementor-widget-heading\" data-id=\"44746b3d\" data-element_type=\"widget\" data-settings=\"{&quot;_animation_mobile&quot;:&quot;fadeIn&quot;}\" data-widget_type=\"heading.default\">\n\t\t\t\t<div class=\"elementor-widget-container\">\n\t\t\t<h6 class=\"elementor-heading-title elementor-size-default\">Folge uns auch auf:<\/h6>\t\t<\/div>\n\t\t\t\t<\/div>\n\t\t\t\t<div class=\"elementor-element elementor-element-1bc6a453 elementor-hidden-phone elementor-invisible elementor-widget elementor-widget-heading\" data-id=\"1bc6a453\" data-element_type=\"widget\" data-settings=\"{&quot;_animation&quot;:&quot;fadeIn&quot;,&quot;_animation_tablet&quot;:&quot;fadeIn&quot;,&quot;_animation_mobile&quot;:&quot;fadeIn&quot;}\" data-widget_type=\"heading.default\">\n\t\t\t\t<div class=\"elementor-widget-container\">\n\t\t\t<h6 class=\"elementor-heading-title elementor-size-default\">Folge uns auf unseren Sozial Media Kan\u00e4len:<\/h6>\t\t<\/div>\n\t\t\t\t<\/div>\n\t\t\t\t<div class=\"elementor-element elementor-element-281f0fd7 elementor-shape-circle elementor-grid-0 e-grid-align-center elementor-invisible elementor-widget elementor-widget-global elementor-global-1247 elementor-widget-social-icons\" data-id=\"281f0fd7\" data-element_type=\"widget\" data-settings=\"{&quot;_animation&quot;:&quot;fadeIn&quot;}\" data-widget_type=\"social-icons.default\">\n\t\t\t\t<div class=\"elementor-widget-container\">\n\t\t\t\t\t<div class=\"elementor-social-icons-wrapper elementor-grid\">\n\t\t\t\t\t\t\t<span class=\"elementor-grid-item\">\n\t\t\t\t\t<a class=\"elementor-icon elementor-social-icon elementor-social-icon-facebook elementor-animation-shrink elementor-repeater-item-1e8cda0\" href=\"https:\/\/www.facebook.com\/CasaSiluro\/\" target=\"_blank\">\n\t\t\t\t\t\t<span class=\"elementor-screen-only\">Facebook<\/span>\n\t\t\t\t\t\t<i class=\"fab fa-facebook\"><\/i>\t\t\t\t\t<\/a>\n\t\t\t\t<\/span>\n\t\t\t\t\t\t\t<span class=\"elementor-grid-item\">\n\t\t\t\t\t<a class=\"elementor-icon elementor-social-icon elementor-social-icon-instagram elementor-animation-shrink elementor-repeater-item-2f7ada8\" href=\"https:\/\/www.instagram.com\/casasiluro_wallercamp\/\" target=\"_blank\">\n\t\t\t\t\t\t<span class=\"elementor-screen-only\">Instagram<\/span>\n\t\t\t\t\t\t<i class=\"fab fa-instagram\"><\/i>\t\t\t\t\t<\/a>\n\t\t\t\t<\/span>\n\t\t\t\t\t\t\t<span class=\"elementor-grid-item\">\n\t\t\t\t\t<a class=\"elementor-icon elementor-social-icon elementor-social-icon-youtube elementor-animation-shrink elementor-repeater-item-ed9817b\" href=\"https:\/\/www.youtube.com\/user\/CasaSiluroWallercamp\" target=\"_blank\">\n\t\t\t\t\t\t<span class=\"elementor-screen-only\">Youtube<\/span>\n\t\t\t\t\t\t<i class=\"fab fa-youtube\"><\/i>\t\t\t\t\t<\/a>\n\t\t\t\t<\/span>\n\t\t\t\t\t\t\t<span class=\"elementor-grid-item\">\n\t\t\t\t\t<a class=\"elementor-icon elementor-social-icon elementor-social-icon-envelope elementor-animation-shrink elementor-repeater-item-7d12846\" href=\"mailto:casasiluro65@gmail.com\" target=\"_blank\">\n\t\t\t\t\t\t<span class=\"elementor-screen-only\">Envelope<\/span>\n\t\t\t\t\t\t<i class=\"fas fa-envelope\"><\/i>\t\t\t\t\t<\/a>\n\t\t\t\t<\/span>\n\t\t\t\t\t<\/div>\n\t\t\t\t<\/div>\n\t\t\t\t<\/div>\n\t\t\t\t<div class=\"elementor-element elementor-element-3a3adfce elementor-widget-divider--view-line elementor-widget elementor-widget-divider\" data-id=\"3a3adfce\" data-element_type=\"widget\" data-widget_type=\"divider.default\">\n\t\t\t\t<div class=\"elementor-widget-container\">\n\t\t\t\t\t<div class=\"elementor-divider\">\n\t\t\t<span class=\"elementor-divider-separator\">\n\t\t\t\t\t\t<\/span>\n\t\t<\/div>\n\t\t\t\t<\/div>\n\t\t\t\t<\/div>\n\t\t\t\t\t<\/div>\n\t\t<\/div>\n\t\t\t\t\t<\/div>\n\t\t<\/section>\n\t\t\t\t<\/div>\n\t\t","protected":false},"excerpt":{"rendered":"<p>Guiding ist nicht gleich Guiding! Der Po ist ein Fluss der st\u00e4ndig sein Gesicht wechselt und damit \u00e4ndern sich nat\u00fcrlich<\/p>\n","protected":false},"author":3,"featured_media":263,"parent":0,"menu_order":3,"comment_status":"closed","ping_status":"closed","template":"","meta":{"footnotes":""},"class_list":["post-776","page","type-page","status-publish","has-post-thumbnail","hentry"],"yoast_head":"<!-- This site is optimized with the Yoast SEO plugin v25.6 - https:\/\/yoast.com\/wordpress\/plugins\/seo\/ -->\n<title>CasaSiluro - Guiding - CasaSiluro<\/title>\n<meta name=\"robots\" content=\"index, follow, max-snippet:-1, max-image-preview:large, max-video-preview:-1\" \/>\n<link rel=\"canonical\" href=\"http:\/\/casasiluro.com\/wordpress\/guiding\/\" \/>\n<meta property=\"og:locale\" content=\"de_DE\" \/>\n<meta property=\"og:type\" content=\"article\" \/>\n<meta property=\"og:title\" content=\"CasaSiluro - Guiding - CasaSiluro\" \/>\n<meta property=\"og:description\" content=\"Guiding ist nicht gleich Guiding! Der Po ist ein Fluss der st\u00e4ndig sein Gesicht wechselt und damit \u00e4ndern sich nat\u00fcrlich\" \/>\n<meta property=\"og:url\" content=\"http:\/\/casasiluro.com\/wordpress\/guiding\/\" \/>\n<meta property=\"og:site_name\" content=\"CasaSiluro\" \/>\n<meta property=\"article:publisher\" content=\"https:\/\/www.facebook.com\/CasaSiluro\/\" \/>\n<meta property=\"article:modified_time\" content=\"2020-04-03T13:54:57+00:00\" \/>\n<meta name=\"twitter:card\" content=\"summary_large_image\" \/>\n<script type=\"application\/ld+json\" class=\"yoast-schema-graph\">{\"@context\":\"https:\/\/schema.org\",\"@graph\":[{\"@type\":\"WebPage\",\"@id\":\"http:\/\/casasiluro.com\/wordpress\/guiding\/\",\"url\":\"http:\/\/casasiluro.com\/wordpress\/guiding\/\",\"name\":\"CasaSiluro - Guiding - CasaSiluro\",\"isPartOf\":{\"@id\":\"http:\/\/casasiluro.com\/wordpress\/#website\"},\"primaryImageOfPage\":{\"@id\":\"http:\/\/casasiluro.com\/wordpress\/guiding\/#primaryimage\"},\"image\":{\"@id\":\"http:\/\/casasiluro.com\/wordpress\/guiding\/#primaryimage\"},\"thumbnailUrl\":\"\",\"datePublished\":\"2020-01-08T10:39:44+00:00\",\"dateModified\":\"2020-04-03T13:54:57+00:00\",\"breadcrumb\":{\"@id\":\"http:\/\/casasiluro.com\/wordpress\/guiding\/#breadcrumb\"},\"inLanguage\":\"de\",\"potentialAction\":[{\"@type\":\"ReadAction\",\"target\":[\"http:\/\/casasiluro.com\/wordpress\/guiding\/\"]}]},{\"@type\":\"ImageObject\",\"inLanguage\":\"de\",\"@id\":\"http:\/\/casasiluro.com\/wordpress\/guiding\/#primaryimage\",\"url\":\"\",\"contentUrl\":\"\"},{\"@type\":\"BreadcrumbList\",\"@id\":\"http:\/\/casasiluro.com\/wordpress\/guiding\/#breadcrumb\",\"itemListElement\":[{\"@type\":\"ListItem\",\"position\":1,\"name\":\"Startseite\",\"item\":\"http:\/\/casasiluro.com\/wordpress\/\"},{\"@type\":\"ListItem\",\"position\":2,\"name\":\"CasaSiluro &#8211; Guiding\"}]},{\"@type\":\"WebSite\",\"@id\":\"http:\/\/casasiluro.com\/wordpress\/#website\",\"url\":\"http:\/\/casasiluro.com\/wordpress\/\",\"name\":\"CasaSiluro\",\"description\":\"Dein Wallercamp am Po - Welsfischen in Italien\",\"publisher\":{\"@id\":\"http:\/\/casasiluro.com\/wordpress\/#organization\"},\"potentialAction\":[{\"@type\":\"SearchAction\",\"target\":{\"@type\":\"EntryPoint\",\"urlTemplate\":\"http:\/\/casasiluro.com\/wordpress\/?s={search_term_string}\"},\"query-input\":{\"@type\":\"PropertyValueSpecification\",\"valueRequired\":true,\"valueName\":\"search_term_string\"}}],\"inLanguage\":\"de\"},{\"@type\":\"Organization\",\"@id\":\"http:\/\/casasiluro.com\/wordpress\/#organization\",\"name\":\"CasaSiluro\",\"url\":\"http:\/\/casasiluro.com\/wordpress\/\",\"logo\":{\"@type\":\"ImageObject\",\"inLanguage\":\"de\",\"@id\":\"http:\/\/casasiluro.com\/wordpress\/#\/schema\/logo\/image\/\",\"url\":\"https:\/\/casasiluro.com\/wordpress\/wp-content\/uploads\/2020\/03\/Casasiluro_2000_400-1.png\",\"contentUrl\":\"https:\/\/casasiluro.com\/wordpress\/wp-content\/uploads\/2020\/03\/Casasiluro_2000_400-1.png\",\"width\":2000,\"height\":400,\"caption\":\"CasaSiluro\"},\"image\":{\"@id\":\"http:\/\/casasiluro.com\/wordpress\/#\/schema\/logo\/image\/\"},\"sameAs\":[\"https:\/\/www.facebook.com\/CasaSiluro\/\",\"https:\/\/www.instagram.com\/casasiluro_wallercamp\/\",\"https:\/\/www.youtube.com\/user\/CasaSiluroWallercamp\"]}]}<\/script>\n<!-- \/ Yoast SEO plugin. -->","yoast_head_json":{"title":"CasaSiluro - Guiding - CasaSiluro","robots":{"index":"index","follow":"follow","max-snippet":"max-snippet:-1","max-image-preview":"max-image-preview:large","max-video-preview":"max-video-preview:-1"},"canonical":"http:\/\/casasiluro.com\/wordpress\/guiding\/","og_locale":"de_DE","og_type":"article","og_title":"CasaSiluro - Guiding - CasaSiluro","og_description":"Guiding ist nicht gleich Guiding! Der Po ist ein Fluss der st\u00e4ndig sein Gesicht wechselt und damit \u00e4ndern sich nat\u00fcrlich","og_url":"http:\/\/casasiluro.com\/wordpress\/guiding\/","og_site_name":"CasaSiluro","article_publisher":"https:\/\/www.facebook.com\/CasaSiluro\/","article_modified_time":"2020-04-03T13:54:57+00:00","twitter_card":"summary_large_image","schema":{"@context":"https:\/\/schema.org","@graph":[{"@type":"WebPage","@id":"http:\/\/casasiluro.com\/wordpress\/guiding\/","url":"http:\/\/casasiluro.com\/wordpress\/guiding\/","name":"CasaSiluro - Guiding - CasaSiluro","isPartOf":{"@id":"http:\/\/casasiluro.com\/wordpress\/#website"},"primaryImageOfPage":{"@id":"http:\/\/casasiluro.com\/wordpress\/guiding\/#primaryimage"},"image":{"@id":"http:\/\/casasiluro.com\/wordpress\/guiding\/#primaryimage"},"thumbnailUrl":"","datePublished":"2020-01-08T10:39:44+00:00","dateModified":"2020-04-03T13:54:57+00:00","breadcrumb":{"@id":"http:\/\/casasiluro.com\/wordpress\/guiding\/#breadcrumb"},"inLanguage":"de","potentialAction":[{"@type":"ReadAction","target":["http:\/\/casasiluro.com\/wordpress\/guiding\/"]}]},{"@type":"ImageObject","inLanguage":"de","@id":"http:\/\/casasiluro.com\/wordpress\/guiding\/#primaryimage","url":"","contentUrl":""},{"@type":"BreadcrumbList","@id":"http:\/\/casasiluro.com\/wordpress\/guiding\/#breadcrumb","itemListElement":[{"@type":"ListItem","position":1,"name":"Startseite","item":"http:\/\/casasiluro.com\/wordpress\/"},{"@type":"ListItem","position":2,"name":"CasaSiluro &#8211; Guiding"}]},{"@type":"WebSite","@id":"http:\/\/casasiluro.com\/wordpress\/#website","url":"http:\/\/casasiluro.com\/wordpress\/","name":"CasaSiluro","description":"Dein Wallercamp am Po - Welsfischen in Italien","publisher":{"@id":"http:\/\/casasiluro.com\/wordpress\/#organization"},"potentialAction":[{"@type":"SearchAction","target":{"@type":"EntryPoint","urlTemplate":"http:\/\/casasiluro.com\/wordpress\/?s={search_term_string}"},"query-input":{"@type":"PropertyValueSpecification","valueRequired":true,"valueName":"search_term_string"}}],"inLanguage":"de"},{"@type":"Organization","@id":"http:\/\/casasiluro.com\/wordpress\/#organization","name":"CasaSiluro","url":"http:\/\/casasiluro.com\/wordpress\/","logo":{"@type":"ImageObject","inLanguage":"de","@id":"http:\/\/casasiluro.com\/wordpress\/#\/schema\/logo\/image\/","url":"https:\/\/casasiluro.com\/wordpress\/wp-content\/uploads\/2020\/03\/Casasiluro_2000_400-1.png","contentUrl":"https:\/\/casasiluro.com\/wordpress\/wp-content\/uploads\/2020\/03\/Casasiluro_2000_400-1.png","width":2000,"height":400,"caption":"CasaSiluro"},"image":{"@id":"http:\/\/casasiluro.com\/wordpress\/#\/schema\/logo\/image\/"},"sameAs":["https:\/\/www.facebook.com\/CasaSiluro\/","https:\/\/www.instagram.com\/casasiluro_wallercamp\/","https:\/\/www.youtube.com\/user\/CasaSiluroWallercamp"]}]}},"_links":{"self":[{"href":"https:\/\/casasiluro.com\/wordpress\/wp-json\/wp\/v2\/pages\/776"}],"collection":[{"href":"https:\/\/casasiluro.com\/wordpress\/wp-json\/wp\/v2\/pages"}],"about":[{"href":"https:\/\/casasiluro.com\/wordpress\/wp-json\/wp\/v2\/types\/page"}],"author":[{"embeddable":true,"href":"https:\/\/casasiluro.com\/wordpress\/wp-json\/wp\/v2\/users\/3"}],"replies":[{"embeddable":true,"href":"https:\/\/casasiluro.com\/wordpress\/wp-json\/wp\/v2\/comments?post=776"}],"version-history":[{"count":7,"href":"https:\/\/casasiluro.com\/wordpress\/wp-json\/wp\/v2\/pages\/776\/revisions"}],"predecessor-version":[{"id":1691,"href":"https:\/\/casasiluro.com\/wordpress\/wp-json\/wp\/v2\/pages\/776\/revisions\/1691"}],"wp:featuredmedia":[{"embeddable":true,"href":"https:\/\/casasiluro.com\/wordpress\/wp-json\/"}],"wp:attachment":[{"href":"https:\/\/casasiluro.com\/wordpress\/wp-json\/wp\/v2\/media?parent=776"}],"curies":[{"name":"wp","href":"https:\/\/api.w.org\/{rel}","templated":true}]}}